{"id":17621,"date":"2026-04-16T17:09:46","date_gmt":"2026-04-16T14:09:46","guid":{"rendered":"https:\/\/ursus.ee\/toode\/hiire-ja-rotimurk-graanulitena\/"},"modified":"2026-04-20T15:05:38","modified_gmt":"2026-04-20T12:05:38","slug":"hiire-ja-rotimurk-graanulitena","status":"publish","type":"product","link":"https:\/\/ursus.ee\/en\/toode\/hiire-ja-rotimurk-graanulitena\/","title":{"rendered":"Hiire- ja rotim\u00fcrk graanulitena"},"content":{"rendered":"<p>Populaarne ja ennast t\u00f5estanud m\u00fcrk, mida saab kasutada siseruumides ja hoonete \u00fcmbruses. Graanulite \u00f5ige k\u00f5vadusaste ja spetsiaalsed maitseained (sh maisi maitseaine) muudavad toote n\u00e4rilistele ise\u00e4ranis meeldivaks. Tootel on palsameerivad omadused ja see sisaldab aineid, mis takistavad selle soovimatut allaneelamist inimeste ja lemmikloomade poolt.<\/p>\n","protected":false},"excerpt":{"rendered":"<p>Populaarne ja ennast t\u00f5estanud m\u00fcrk, mida saab kasutada siseruumides ja hoonete \u00fcmbruses. Graanulite \u00f5ige k\u00f5vadusaste ja spetsiaalsed maitseained (sh maisi maitseaine) muudavad toote n\u00e4rilistele ise\u00e4ranis meeldivaks. Tootel on palsameerivad omadused ja see sisaldab aineid, mis takistavad selle soovimatut allaneelamist inimeste ja lemmikloomade poolt.<\/p>\n","protected":false},"featured_media":16453,"comment_status":"closed","ping_status":"open","template":"","meta":{"_acf_changed":false},"product_brand":[732],"product_cat":[512,734],"product_tag":[],"class_list":{"0":"post-17621","1":"product","2":"type-product","3":"status-publish","4":"has-post-thumbnail","6":"product_brand-bros","7":"product_cat-majapidamistarbed","8":"product_cat-aiakaubad","9":"pa_kogus-140-g","10":"pa_koostis-bromadiolon-00029","11":"pa_paritolumaa-poola","12":"pa_uhik-g","14":"first","15":"instock","16":"taxable","17":"shipping-taxable","18":"purchasable","19":"product-type-simple"},"acf":[],"_links":{"self":[{"href":"https:\/\/ursus.ee\/en\/wp-json\/wp\/v2\/product\/17621","targetHints":{"allow":["GET"]}}],"collection":[{"href":"https:\/\/ursus.ee\/en\/wp-json\/wp\/v2\/product"}],"about":[{"href":"https:\/\/ursus.ee\/en\/wp-json\/wp\/v2\/types\/product"}],"replies":[{"embeddable":true,"href":"https:\/\/ursus.ee\/en\/wp-json\/wp\/v2\/comments?post=17621"}],"wp:featuredmedia":[{"embeddable":true,"href":"https:\/\/ursus.ee\/en\/wp-json\/wp\/v2\/media\/16453"}],"wp:attachment":[{"href":"https:\/\/ursus.ee\/en\/wp-json\/wp\/v2\/media?parent=17621"}],"wp:term":[{"taxonomy":"product_brand","embeddable":true,"href":"https:\/\/ursus.ee\/en\/wp-json\/wp\/v2\/product_brand?post=17621"},{"taxonomy":"product_cat","embeddable":true,"href":"https:\/\/ursus.ee\/en\/wp-json\/wp\/v2\/product_cat?post=17621"},{"taxonomy":"product_tag","embeddable":true,"href":"https:\/\/ursus.ee\/en\/wp-json\/wp\/v2\/product_tag?post=17621"}],"curies":[{"name":"wp","href":"https:\/\/api.w.org\/{rel}","templated":true}]}}