{"id":17620,"date":"2026-04-16T17:09:46","date_gmt":"2026-04-16T14:09:46","guid":{"rendered":"https:\/\/ursus.ee\/toode\/hiire-ja-rotimurk-teravili\/"},"modified":"2026-04-20T15:05:38","modified_gmt":"2026-04-20T12:05:38","slug":"hiire-ja-rotimurk-teravili","status":"publish","type":"product","link":"https:\/\/ursus.ee\/en\/toode\/hiire-ja-rotimurk-teravili\/","title":{"rendered":"Hiire- ja rotim\u00fcrk teravili"},"content":{"rendered":"<p>M\u00fcrks\u00f6\u00f6t sisaldab hoolikalt valitud maitsvaid viljaterasid. Toode on ahvatlev n\u00e4rilistele, kellele loomu poolest meeldivad terad. Soovitatav kasutada hiirte h\u00e4vitamiseks. Tootel on palsameerivad omadused ja see sisaldab aineid, mis takistavad selle soovimatut allaneelamist inimeste ja lemmikloomade poolt.<\/p>\n","protected":false},"excerpt":{"rendered":"<p>M\u00fcrks\u00f6\u00f6t sisaldab hoolikalt valitud maitsvaid viljaterasid. Toode on ahvatlev n\u00e4rilistele, kellele loomu poolest meeldivad terad. Soovitatav kasutada hiirte h\u00e4vitamiseks. Tootel on palsameerivad omadused ja see sisaldab aineid, mis takistavad selle soovimatut allaneelamist inimeste ja lemmikloomade poolt.<\/p>\n","protected":false},"featured_media":16450,"comment_status":"closed","ping_status":"open","template":"","meta":{"_acf_changed":false},"product_brand":[732],"product_cat":[512,734],"product_tag":[],"class_list":{"0":"post-17620","1":"product","2":"type-product","3":"status-publish","4":"has-post-thumbnail","6":"product_brand-bros","7":"product_cat-majapidamistarbed","8":"product_cat-aiakaubad","9":"pa_kogus-120-g","10":"pa_koostis-bromadiolon-00029","11":"pa_paritolumaa-poola","12":"pa_uhik-g","14":"first","15":"instock","16":"taxable","17":"shipping-taxable","18":"purchasable","19":"product-type-simple"},"acf":[],"_links":{"self":[{"href":"https:\/\/ursus.ee\/en\/wp-json\/wp\/v2\/product\/17620","targetHints":{"allow":["GET"]}}],"collection":[{"href":"https:\/\/ursus.ee\/en\/wp-json\/wp\/v2\/product"}],"about":[{"href":"https:\/\/ursus.ee\/en\/wp-json\/wp\/v2\/types\/product"}],"replies":[{"embeddable":true,"href":"https:\/\/ursus.ee\/en\/wp-json\/wp\/v2\/comments?post=17620"}],"wp:featuredmedia":[{"embeddable":true,"href":"https:\/\/ursus.ee\/en\/wp-json\/wp\/v2\/media\/16450"}],"wp:attachment":[{"href":"https:\/\/ursus.ee\/en\/wp-json\/wp\/v2\/media?parent=17620"}],"wp:term":[{"taxonomy":"product_brand","embeddable":true,"href":"https:\/\/ursus.ee\/en\/wp-json\/wp\/v2\/product_brand?post=17620"},{"taxonomy":"product_cat","embeddable":true,"href":"https:\/\/ursus.ee\/en\/wp-json\/wp\/v2\/product_cat?post=17620"},{"taxonomy":"product_tag","embeddable":true,"href":"https:\/\/ursus.ee\/en\/wp-json\/wp\/v2\/product_tag?post=17620"}],"curies":[{"name":"wp","href":"https:\/\/api.w.org\/{rel}","templated":true}]}}