{"id":17619,"date":"2026-04-16T17:09:46","date_gmt":"2026-04-16T14:09:46","guid":{"rendered":"https:\/\/ursus.ee\/toode\/karbsepaber-rullis-4tk-blisterpakend\/"},"modified":"2026-04-20T15:05:42","modified_gmt":"2026-04-20T12:05:42","slug":"karbsepaber-rullis-4tk-blisterpakend","status":"publish","type":"product","link":"https:\/\/ursus.ee\/en\/toode\/karbsepaber-rullis-4tk-blisterpakend\/","title":{"rendered":"K\u00e4rbsepaber rullis 4tk blisterpakend"},"content":{"rendered":"<p>Traditsiooniline meetod k\u00e4rbeste ja teiste lendavate putukate p\u00fc\u00fcdmiseks. Mittekuivava liimaine spetsiaalne koostis tagab k\u00e4rbsepaberi efektiivsuse erineva temperatuuri ja niiskusega kohtades pika aja kestel.<\/p>\n","protected":false},"excerpt":{"rendered":"<p>Traditsiooniline meetod k\u00e4rbeste ja teiste lendavate putukate p\u00fc\u00fcdmiseks. Mittekuivava liimaine spetsiaalne koostis tagab k\u00e4rbsepaberi efektiivsuse erineva temperatuuri ja niiskusega kohtades pika aja kestel.<\/p>\n","protected":false},"featured_media":16447,"comment_status":"closed","ping_status":"open","template":"","meta":{"_acf_changed":false},"product_brand":[732],"product_cat":[512,734],"product_tag":[],"class_list":{"0":"post-17619","1":"product","2":"type-product","3":"status-publish","4":"has-post-thumbnail","6":"product_brand-bros","7":"product_cat-majapidamistarbed","8":"product_cat-aiakaubad","9":"pa_kogus-4-tk","10":"pa_paritolumaa-poola","11":"pa_uhik-tk","13":"first","14":"instock","15":"taxable","16":"shipping-taxable","17":"purchasable","18":"product-type-simple"},"acf":[],"_links":{"self":[{"href":"https:\/\/ursus.ee\/en\/wp-json\/wp\/v2\/product\/17619","targetHints":{"allow":["GET"]}}],"collection":[{"href":"https:\/\/ursus.ee\/en\/wp-json\/wp\/v2\/product"}],"about":[{"href":"https:\/\/ursus.ee\/en\/wp-json\/wp\/v2\/types\/product"}],"replies":[{"embeddable":true,"href":"https:\/\/ursus.ee\/en\/wp-json\/wp\/v2\/comments?post=17619"}],"wp:featuredmedia":[{"embeddable":true,"href":"https:\/\/ursus.ee\/en\/wp-json\/wp\/v2\/media\/16447"}],"wp:attachment":[{"href":"https:\/\/ursus.ee\/en\/wp-json\/wp\/v2\/media?parent=17619"}],"wp:term":[{"taxonomy":"product_brand","embeddable":true,"href":"https:\/\/ursus.ee\/en\/wp-json\/wp\/v2\/product_brand?post=17619"},{"taxonomy":"product_cat","embeddable":true,"href":"https:\/\/ursus.ee\/en\/wp-json\/wp\/v2\/product_cat?post=17619"},{"taxonomy":"product_tag","embeddable":true,"href":"https:\/\/ursus.ee\/en\/wp-json\/wp\/v2\/product_tag?post=17619"}],"curies":[{"name":"wp","href":"https:\/\/api.w.org\/{rel}","templated":true}]}}