{"id":17617,"date":"2026-04-16T17:09:46","date_gmt":"2026-04-16T14:09:46","guid":{"rendered":"https:\/\/ursus.ee\/toode\/vaetisepulgad-orhideedele\/"},"modified":"2026-04-20T15:14:30","modified_gmt":"2026-04-20T12:14:30","slug":"vaetisepulgad-orhideedele","status":"publish","type":"product","link":"https:\/\/ursus.ee\/en\/toode\/vaetisepulgad-orhideedele\/","title":{"rendered":"V\u00e4etisepulgad orhideedele"},"content":{"rendered":"<p>Mitmekomponentsed v\u00e4etisepulgad orhideedele. Sisaldab mitmek\u00fclgset toitainete kombinatsiooni, mis on vajalik nende taimede kasvamiseks ja arenemiseks. \u00d5ige kaaliumikogus tagab kauni v\u00e4rvusega, mittetuhmuvad ja plekkideta \u00f5ied, samas fosfor soodustab juurestiku arenemist. V\u00e4etis on efektiivne, omastamiseks valmis ja lihtne kasutada. Pulgad lahustuvad aegam\u00f6\u00f6da, tagades regulaarse ja pikaajalise taimede toitainetega varustamise.<\/p>\n<p>OHUTUS:<br \/>\nSissehingamisel, allaneelamisel ja silma sattumisel p\u00f6\u00f6rduda vajadusel arsti poole. Kemikaali allaneelamise korral p\u00f6\u00f6rduda viivitamatult arsti poole. Hoida pakend tihedalt suletuna jahedas kohas ja kuivana. Hoida lukustatult ja lastele k\u00e4ttesaamatult.<\/p>\n","protected":false},"excerpt":{"rendered":"<p>Mitmekomponentsed v\u00e4etisepulgad orhideedele. Sisaldab mitmek\u00fclgset toitainete kombinatsiooni, mis on vajalik nende taimede kasvamiseks ja arenemiseks. \u00d5ige kaaliumikogus tagab kauni v\u00e4rvusega, mittetuhmuvad ja plekkideta \u00f5ied, samas fosfor soodustab juurestiku arenemist. V\u00e4etis on efektiivne, omastamiseks valmis ja lihtne kasutada. Pulgad lahustuvad aegam\u00f6\u00f6da, tagades regulaarse ja pikaajalise taimede toitainetega varustamise. OHUTUS: Sissehingamisel, allaneelamisel ja silma sattumisel p\u00f6\u00f6rduda vajadusel<\/p>\n","protected":false},"featured_media":16441,"comment_status":"closed","ping_status":"open","template":"","meta":{"_acf_changed":false},"product_brand":[738],"product_cat":[512,734],"product_tag":[],"class_list":{"0":"post-17617","1":"product","2":"type-product","3":"status-publish","4":"has-post-thumbnail","6":"product_brand-biopon","7":"product_cat-majapidamistarbed","8":"product_cat-aiakaubad","9":"pa_kogus-10-tk","10":"pa_koostis-npk-888-b-001-cu-002-fe-007-mn-005-mo-001-zn-002","11":"pa_paritolumaa-poola","12":"pa_uhik-tk","14":"first","15":"instock","16":"taxable","17":"shipping-taxable","18":"purchasable","19":"product-type-simple"},"acf":[],"_links":{"self":[{"href":"https:\/\/ursus.ee\/en\/wp-json\/wp\/v2\/product\/17617","targetHints":{"allow":["GET"]}}],"collection":[{"href":"https:\/\/ursus.ee\/en\/wp-json\/wp\/v2\/product"}],"about":[{"href":"https:\/\/ursus.ee\/en\/wp-json\/wp\/v2\/types\/product"}],"replies":[{"embeddable":true,"href":"https:\/\/ursus.ee\/en\/wp-json\/wp\/v2\/comments?post=17617"}],"wp:featuredmedia":[{"embeddable":true,"href":"https:\/\/ursus.ee\/en\/wp-json\/wp\/v2\/media\/16441"}],"wp:attachment":[{"href":"https:\/\/ursus.ee\/en\/wp-json\/wp\/v2\/media?parent=17617"}],"wp:term":[{"taxonomy":"product_brand","embeddable":true,"href":"https:\/\/ursus.ee\/en\/wp-json\/wp\/v2\/product_brand?post=17617"},{"taxonomy":"product_cat","embeddable":true,"href":"https:\/\/ursus.ee\/en\/wp-json\/wp\/v2\/product_cat?post=17617"},{"taxonomy":"product_tag","embeddable":true,"href":"https:\/\/ursus.ee\/en\/wp-json\/wp\/v2\/product_tag?post=17617"}],"curies":[{"name":"wp","href":"https:\/\/api.w.org\/{rel}","templated":true}]}}