{"id":17616,"date":"2026-04-16T17:09:46","date_gmt":"2026-04-16T14:09:46","guid":{"rendered":"https:\/\/ursus.ee\/toode\/toidukoidepuunis-peibutusainega\/"},"modified":"2026-04-20T15:08:30","modified_gmt":"2026-04-20T12:08:30","slug":"toidukoidepuunis-peibutusainega","status":"publish","type":"product","link":"https:\/\/ursus.ee\/en\/toode\/toidukoidepuunis-peibutusainega\/","title":{"rendered":"Toidukoidep\u00fc\u00fcnis peibutusainega"},"content":{"rendered":"<p>L\u00f5hnatu, kleepuv p\u00fc\u00fcnis l\u00f5una-aidaleedikute p\u00fc\u00fcdmiseks k\u00f6\u00f6kidest, sahvritest, laoruumidest ja otse toiduainete kappidest. Feromooniga liimaine p\u00fc\u00fcab efektiivselt l\u00f5una-aidaleedikute isaseid putukaid. Ei sisalda aktiivseid putukam\u00fcrke. Toimib kuni 3 kuud. <\/p>\n<p>OHUTUS:<br \/>\nHoida lastele k\u00e4ttesaamatus kohas.<\/p>\n","protected":false},"excerpt":{"rendered":"<p>L\u00f5hnatu, kleepuv p\u00fc\u00fcnis l\u00f5una-aidaleedikute p\u00fc\u00fcdmiseks k\u00f6\u00f6kidest, sahvritest, laoruumidest ja otse toiduainete kappidest. Feromooniga liimaine p\u00fc\u00fcab efektiivselt l\u00f5una-aidaleedikute isaseid putukaid. Ei sisalda aktiivseid putukam\u00fcrke. Toimib kuni 3 kuud. OHUTUS: Hoida lastele k\u00e4ttesaamatus kohas.<\/p>\n","protected":false},"featured_media":16438,"comment_status":"closed","ping_status":"open","template":"","meta":{"_acf_changed":false},"product_brand":[732],"product_cat":[512,734],"product_tag":[],"class_list":{"0":"post-17616","1":"product","2":"type-product","3":"status-publish","4":"has-post-thumbnail","6":"product_brand-bros","7":"product_cat-majapidamistarbed","8":"product_cat-aiakaubad","9":"pa_kogus-2-tk","10":"pa_paritolumaa-poola","11":"pa_uhik-tk","13":"first","14":"instock","15":"taxable","16":"shipping-taxable","17":"purchasable","18":"product-type-simple"},"acf":[],"_links":{"self":[{"href":"https:\/\/ursus.ee\/en\/wp-json\/wp\/v2\/product\/17616","targetHints":{"allow":["GET"]}}],"collection":[{"href":"https:\/\/ursus.ee\/en\/wp-json\/wp\/v2\/product"}],"about":[{"href":"https:\/\/ursus.ee\/en\/wp-json\/wp\/v2\/types\/product"}],"replies":[{"embeddable":true,"href":"https:\/\/ursus.ee\/en\/wp-json\/wp\/v2\/comments?post=17616"}],"wp:featuredmedia":[{"embeddable":true,"href":"https:\/\/ursus.ee\/en\/wp-json\/wp\/v2\/media\/16438"}],"wp:attachment":[{"href":"https:\/\/ursus.ee\/en\/wp-json\/wp\/v2\/media?parent=17616"}],"wp:term":[{"taxonomy":"product_brand","embeddable":true,"href":"https:\/\/ursus.ee\/en\/wp-json\/wp\/v2\/product_brand?post=17616"},{"taxonomy":"product_cat","embeddable":true,"href":"https:\/\/ursus.ee\/en\/wp-json\/wp\/v2\/product_cat?post=17616"},{"taxonomy":"product_tag","embeddable":true,"href":"https:\/\/ursus.ee\/en\/wp-json\/wp\/v2\/product_tag?post=17616"}],"curies":[{"name":"wp","href":"https:\/\/api.w.org\/{rel}","templated":true}]}}