{"id":17614,"date":"2026-04-16T17:09:46","date_gmt":"2026-04-16T14:09:46","guid":{"rendered":"https:\/\/ursus.ee\/toode\/vaetisepulgad-rohelistele-taimedele\/"},"modified":"2026-04-20T15:14:30","modified_gmt":"2026-04-20T12:14:30","slug":"vaetisepulgad-rohelistele-taimedele","status":"publish","type":"product","link":"https:\/\/ursus.ee\/en\/toode\/vaetisepulgad-rohelistele-taimedele\/","title":{"rendered":"V\u00e4etisepulgad rohelistele taimedele"},"content":{"rendered":"<p>Mugavad kontsentreeritud v\u00e4etisepulgad. Lihtsalt asetage pulk potti, et aktiveerida rohelistele taimedele kasvuks ja arenemiseks vajalike toitainete vabastamine. Hoolikalt tasakaalustatud makro- ja mikroelementide valik tagab terve ja s\u00e4rava v\u00e4ljan\u00e4gemisega lehed. Uute v\u00e4etisepulkade v\u00e4lja v\u00f5tmine pakendist on mugav. <\/p>\n<p>OHUTUS:<br \/>\nSissehingamisel, allaneelamisel ja silma sattumisel p\u00f6\u00f6rduda vajadusel arsti poole. Kemikaali allaneelamise korral p\u00f6\u00f6rduda viivitamatult arsti poole. Hoida pakend tihedalt suletuna jahedas kohas ja kuivana. Hoida lukustatult ja lastele k\u00e4ttesaamatult.<\/p>\n","protected":false},"excerpt":{"rendered":"<p>Mugavad kontsentreeritud v\u00e4etisepulgad. Lihtsalt asetage pulk potti, et aktiveerida rohelistele taimedele kasvuks ja arenemiseks vajalike toitainete vabastamine. Hoolikalt tasakaalustatud makro- ja mikroelementide valik tagab terve ja s\u00e4rava v\u00e4ljan\u00e4gemisega lehed. Uute v\u00e4etisepulkade v\u00e4lja v\u00f5tmine pakendist on mugav. OHUTUS: Sissehingamisel, allaneelamisel ja silma sattumisel p\u00f6\u00f6rduda vajadusel arsti poole. Kemikaali allaneelamise korral p\u00f6\u00f6rduda viivitamatult arsti poole. Hoida pakend<\/p>\n","protected":false},"featured_media":16431,"comment_status":"closed","ping_status":"open","template":"","meta":{"_acf_changed":false},"product_brand":[738],"product_cat":[512,734],"product_tag":[],"class_list":{"0":"post-17614","1":"product","2":"type-product","3":"status-publish","4":"has-post-thumbnail","6":"product_brand-biopon","7":"product_cat-majapidamistarbed","8":"product_cat-aiakaubad","9":"pa_kogus-30-tk","10":"pa_koostis-npk-1269-b-001-cu-002-fe-007-mn-005-mo-001","11":"pa_paritolumaa-poola","12":"pa_uhik-tk","14":"first","15":"instock","16":"taxable","17":"shipping-taxable","18":"purchasable","19":"product-type-simple"},"acf":[],"_links":{"self":[{"href":"https:\/\/ursus.ee\/en\/wp-json\/wp\/v2\/product\/17614","targetHints":{"allow":["GET"]}}],"collection":[{"href":"https:\/\/ursus.ee\/en\/wp-json\/wp\/v2\/product"}],"about":[{"href":"https:\/\/ursus.ee\/en\/wp-json\/wp\/v2\/types\/product"}],"replies":[{"embeddable":true,"href":"https:\/\/ursus.ee\/en\/wp-json\/wp\/v2\/comments?post=17614"}],"wp:featuredmedia":[{"embeddable":true,"href":"https:\/\/ursus.ee\/en\/wp-json\/wp\/v2\/media\/16431"}],"wp:attachment":[{"href":"https:\/\/ursus.ee\/en\/wp-json\/wp\/v2\/media?parent=17614"}],"wp:term":[{"taxonomy":"product_brand","embeddable":true,"href":"https:\/\/ursus.ee\/en\/wp-json\/wp\/v2\/product_brand?post=17614"},{"taxonomy":"product_cat","embeddable":true,"href":"https:\/\/ursus.ee\/en\/wp-json\/wp\/v2\/product_cat?post=17614"},{"taxonomy":"product_tag","embeddable":true,"href":"https:\/\/ursus.ee\/en\/wp-json\/wp\/v2\/product_tag?post=17614"}],"curies":[{"name":"wp","href":"https:\/\/api.w.org\/{rel}","templated":true}]}}