{"id":17613,"date":"2026-04-16T17:09:46","date_gmt":"2026-04-16T14:09:46","guid":{"rendered":"https:\/\/ursus.ee\/toode\/vaetis-rohelistele-taimedele\/"},"modified":"2026-04-20T15:14:30","modified_gmt":"2026-04-20T12:14:30","slug":"vaetis-rohelistele-taimedele","status":"publish","type":"product","link":"https:\/\/ursus.ee\/en\/toode\/vaetis-rohelistele-taimedele\/","title":{"rendered":"V\u00e4etis rohelistele taimedele"},"content":{"rendered":"<p>Mitmekomponentne mineraalv\u00e4etis erinevatele taimedele. Suurem l\u00e4mmastiku sisaldus tagab intensiivse v\u00e4rvusega lehed. Spetsiaalne koostis soodustab taimede intensiivset kasvu.<\/p>\n","protected":false},"excerpt":{"rendered":"<p>Mitmekomponentne mineraalv\u00e4etis erinevatele taimedele. Suurem l\u00e4mmastiku sisaldus tagab intensiivse v\u00e4rvusega lehed. Spetsiaalne koostis soodustab taimede intensiivset kasvu.<\/p>\n","protected":false},"featured_media":16428,"comment_status":"closed","ping_status":"open","template":"","meta":{"_acf_changed":false},"product_brand":[738],"product_cat":[512,734],"product_tag":[],"class_list":{"0":"post-17613","1":"product","2":"type-product","3":"status-publish","4":"has-post-thumbnail","6":"product_brand-biopon","7":"product_cat-majapidamistarbed","8":"product_cat-aiakaubad","9":"pa_kogus-500-ml","10":"pa_koostis-npk-746-b-002-cu-0002-fe-002-mn-0015-mo-0002-zn-0015","11":"pa_paritolumaa-poola","12":"pa_uhik-ml","14":"first","15":"instock","16":"taxable","17":"shipping-taxable","18":"purchasable","19":"product-type-simple"},"acf":[],"_links":{"self":[{"href":"https:\/\/ursus.ee\/en\/wp-json\/wp\/v2\/product\/17613","targetHints":{"allow":["GET"]}}],"collection":[{"href":"https:\/\/ursus.ee\/en\/wp-json\/wp\/v2\/product"}],"about":[{"href":"https:\/\/ursus.ee\/en\/wp-json\/wp\/v2\/types\/product"}],"replies":[{"embeddable":true,"href":"https:\/\/ursus.ee\/en\/wp-json\/wp\/v2\/comments?post=17613"}],"wp:featuredmedia":[{"embeddable":true,"href":"https:\/\/ursus.ee\/en\/wp-json\/wp\/v2\/media\/16428"}],"wp:attachment":[{"href":"https:\/\/ursus.ee\/en\/wp-json\/wp\/v2\/media?parent=17613"}],"wp:term":[{"taxonomy":"product_brand","embeddable":true,"href":"https:\/\/ursus.ee\/en\/wp-json\/wp\/v2\/product_brand?post=17613"},{"taxonomy":"product_cat","embeddable":true,"href":"https:\/\/ursus.ee\/en\/wp-json\/wp\/v2\/product_cat?post=17613"},{"taxonomy":"product_tag","embeddable":true,"href":"https:\/\/ursus.ee\/en\/wp-json\/wp\/v2\/product_tag?post=17613"}],"curies":[{"name":"wp","href":"https:\/\/api.w.org\/{rel}","templated":true}]}}