{"id":17612,"date":"2026-04-16T17:09:46","date_gmt":"2026-04-16T14:09:46","guid":{"rendered":"https:\/\/ursus.ee\/toode\/microbec-kuivkaimla-ja-lampkastide-preparaat\/"},"modified":"2026-04-20T16:23:14","modified_gmt":"2026-04-20T13:23:14","slug":"microbec-kuivkaimla-ja-lampkastide-preparaat","status":"publish","type":"product","link":"https:\/\/ursus.ee\/en\/toode\/microbec-kuivkaimla-ja-lampkastide-preparaat\/","title":{"rendered":"Microbec kuivk\u00e4imla ja lampkastide preparaat"},"content":{"rendered":"<p>Ens\u00fcmaatiline toode septikute sisu ja keskkonnas\u00f5bralike lokaalsete reoveet\u00f6\u00f6tluss\u00fcsteemide sisu biolagundamiseks. See v\u00e4hendab septikute t\u00fchjendamissagedust, v\u00e4hendab setete hulka ja vedeldab septikute sisu, samas aidates kaasa selle bioloogilisele komposteerimisele ja eemaldamisele.<\/p>\n","protected":false},"excerpt":{"rendered":"<p>Ens\u00fcmaatiline toode septikute sisu ja keskkonnas\u00f5bralike lokaalsete reoveet\u00f6\u00f6tluss\u00fcsteemide sisu biolagundamiseks. See v\u00e4hendab septikute t\u00fchjendamissagedust, v\u00e4hendab setete hulka ja vedeldab septikute sisu, samas aidates kaasa selle bioloogilisele komposteerimisele ja eemaldamisele.<\/p>\n","protected":false},"featured_media":16425,"comment_status":"closed","ping_status":"closed","template":"","meta":{"_acf_changed":false},"product_brand":[732],"product_cat":[512,734],"product_tag":[],"class_list":{"0":"post-17612","1":"product","2":"type-product","3":"status-publish","4":"has-post-thumbnail","6":"product_brand-bros","7":"product_cat-majapidamistarbed","8":"product_cat-aiakaubad","9":"pa_kogus-25-g","10":"pa_koostis-ensuume-alla-5","11":"pa_paritolumaa-poola","12":"pa_uhik-g","14":"first","15":"instock","16":"taxable","17":"shipping-taxable","18":"purchasable","19":"product-type-simple"},"acf":[],"_links":{"self":[{"href":"https:\/\/ursus.ee\/en\/wp-json\/wp\/v2\/product\/17612","targetHints":{"allow":["GET"]}}],"collection":[{"href":"https:\/\/ursus.ee\/en\/wp-json\/wp\/v2\/product"}],"about":[{"href":"https:\/\/ursus.ee\/en\/wp-json\/wp\/v2\/types\/product"}],"replies":[{"embeddable":true,"href":"https:\/\/ursus.ee\/en\/wp-json\/wp\/v2\/comments?post=17612"}],"wp:featuredmedia":[{"embeddable":true,"href":"https:\/\/ursus.ee\/en\/wp-json\/wp\/v2\/media\/16425"}],"wp:attachment":[{"href":"https:\/\/ursus.ee\/en\/wp-json\/wp\/v2\/media?parent=17612"}],"wp:term":[{"taxonomy":"product_brand","embeddable":true,"href":"https:\/\/ursus.ee\/en\/wp-json\/wp\/v2\/product_brand?post=17612"},{"taxonomy":"product_cat","embeddable":true,"href":"https:\/\/ursus.ee\/en\/wp-json\/wp\/v2\/product_cat?post=17612"},{"taxonomy":"product_tag","embeddable":true,"href":"https:\/\/ursus.ee\/en\/wp-json\/wp\/v2\/product_tag?post=17612"}],"curies":[{"name":"wp","href":"https:\/\/api.w.org\/{rel}","templated":true}]}}