{"id":17611,"date":"2026-04-16T17:09:46","date_gmt":"2026-04-16T14:09:46","guid":{"rendered":"https:\/\/ursus.ee\/toode\/universaalsed-vaetisepulgad\/"},"modified":"2026-04-20T15:08:32","modified_gmt":"2026-04-20T12:08:32","slug":"universaalsed-vaetisepulgad","status":"publish","type":"product","link":"https:\/\/ursus.ee\/en\/toode\/universaalsed-vaetisepulgad\/","title":{"rendered":"Universaalsed v\u00e4etisepulgad"},"content":{"rendered":"<p>V\u00e4etisepulgad on \u00fcks mugavamaid v\u00e4etamise viise. Iga pulk sisaldab laialdaselt olulisi toitaineid. Hoolikalt m\u00e4\u00e4ratud l\u00e4mmastiku, fosfori ja kaaliumi sisaldus aitab kaasa taimede arengule ja tagab rikkaliku \u00f5itsemise. Pulgad lahustuvad j\u00e4rk-j\u00e4rgult, v\u00e4etades taime regulaarselt pikema aja jooksul. Uute v\u00e4etisepulkade v\u00e4lja v\u00f5tmine pakendist on mugav. <\/p>\n<p>OHUTUS:<br \/>\nSissehingamisel, allaneelamisel ja silma sattumisel p\u00f6\u00f6rduda vajadusel arsti poole. Kemikaali allaneelamise korral p\u00f6\u00f6rduda viivitamatult arsti poole. Hoida pakend tihedalt suletuna jahedas kohas ja kuivana. Hoida lukustatult ja lastele k\u00e4ttesaamatult.<\/p>\n","protected":false},"excerpt":{"rendered":"<p>V\u00e4etisepulgad on \u00fcks mugavamaid v\u00e4etamise viise. Iga pulk sisaldab laialdaselt olulisi toitaineid. Hoolikalt m\u00e4\u00e4ratud l\u00e4mmastiku, fosfori ja kaaliumi sisaldus aitab kaasa taimede arengule ja tagab rikkaliku \u00f5itsemise. Pulgad lahustuvad j\u00e4rk-j\u00e4rgult, v\u00e4etades taime regulaarselt pikema aja jooksul. Uute v\u00e4etisepulkade v\u00e4lja v\u00f5tmine pakendist on mugav. OHUTUS: Sissehingamisel, allaneelamisel ja silma sattumisel p\u00f6\u00f6rduda vajadusel arsti poole. Kemikaali allaneelamise<\/p>\n","protected":false},"featured_media":16421,"comment_status":"closed","ping_status":"open","template":"","meta":{"_acf_changed":false},"product_brand":[738],"product_cat":[512,734],"product_tag":[],"class_list":{"0":"post-17611","1":"product","2":"type-product","3":"status-publish","4":"has-post-thumbnail","6":"product_brand-biopon","7":"product_cat-majapidamistarbed","8":"product_cat-aiakaubad","9":"pa_kogus-30-tk","10":"pa_koostis-npk-1066-b-001-cu-002-fe-007-mn-005-mo-001","11":"pa_paritolumaa-poola","12":"pa_uhik-tk","14":"first","15":"instock","16":"taxable","17":"shipping-taxable","18":"purchasable","19":"product-type-simple"},"acf":[],"_links":{"self":[{"href":"https:\/\/ursus.ee\/en\/wp-json\/wp\/v2\/product\/17611","targetHints":{"allow":["GET"]}}],"collection":[{"href":"https:\/\/ursus.ee\/en\/wp-json\/wp\/v2\/product"}],"about":[{"href":"https:\/\/ursus.ee\/en\/wp-json\/wp\/v2\/types\/product"}],"replies":[{"embeddable":true,"href":"https:\/\/ursus.ee\/en\/wp-json\/wp\/v2\/comments?post=17611"}],"wp:featuredmedia":[{"embeddable":true,"href":"https:\/\/ursus.ee\/en\/wp-json\/wp\/v2\/media\/16421"}],"wp:attachment":[{"href":"https:\/\/ursus.ee\/en\/wp-json\/wp\/v2\/media?parent=17611"}],"wp:term":[{"taxonomy":"product_brand","embeddable":true,"href":"https:\/\/ursus.ee\/en\/wp-json\/wp\/v2\/product_brand?post=17611"},{"taxonomy":"product_cat","embeddable":true,"href":"https:\/\/ursus.ee\/en\/wp-json\/wp\/v2\/product_cat?post=17611"},{"taxonomy":"product_tag","embeddable":true,"href":"https:\/\/ursus.ee\/en\/wp-json\/wp\/v2\/product_tag?post=17611"}],"curies":[{"name":"wp","href":"https:\/\/api.w.org\/{rel}","templated":true}]}}