{"id":17610,"date":"2026-04-16T17:09:46","date_gmt":"2026-04-16T14:09:46","guid":{"rendered":"https:\/\/ursus.ee\/toode\/oko-lehetai-torje-taimede-puhastamiseks\/"},"modified":"2026-04-20T15:08:14","modified_gmt":"2026-04-20T12:08:14","slug":"oko-lehetai-torje-taimede-puhastamiseks","status":"publish","type":"product","link":"https:\/\/ursus.ee\/en\/toode\/oko-lehetai-torje-taimede-puhastamiseks\/","title":{"rendered":"\u00d6ko-lehet\u00e4i t\u00f5rje taimede puhastamiseks"},"content":{"rendered":"<p>Toode potitaimede puhastamiseks. Eemaldab lehtedelt surnud lehet\u00e4id, tolmu ja tuha (nt lehevahadest p\u00f5hjustatud).<\/p>\n","protected":false},"excerpt":{"rendered":"<p>Toode potitaimede puhastamiseks. Eemaldab lehtedelt surnud lehet\u00e4id, tolmu ja tuha (nt lehevahadest p\u00f5hjustatud).<\/p>\n","protected":false},"featured_media":16418,"comment_status":"closed","ping_status":"open","template":"","meta":{"_acf_changed":false},"product_brand":[732],"product_cat":[512,734],"product_tag":[],"class_list":{"0":"post-17610","1":"product","2":"type-product","3":"status-publish","4":"has-post-thumbnail","6":"product_brand-bros","7":"product_cat-majapidamistarbed","8":"product_cat-aiakaubad","9":"pa_kogus-250-ml","10":"pa_paritolumaa-poola","11":"pa_uhik-ml","13":"first","14":"instock","15":"taxable","16":"shipping-taxable","17":"purchasable","18":"product-type-simple"},"acf":[],"_links":{"self":[{"href":"https:\/\/ursus.ee\/en\/wp-json\/wp\/v2\/product\/17610","targetHints":{"allow":["GET"]}}],"collection":[{"href":"https:\/\/ursus.ee\/en\/wp-json\/wp\/v2\/product"}],"about":[{"href":"https:\/\/ursus.ee\/en\/wp-json\/wp\/v2\/types\/product"}],"replies":[{"embeddable":true,"href":"https:\/\/ursus.ee\/en\/wp-json\/wp\/v2\/comments?post=17610"}],"wp:featuredmedia":[{"embeddable":true,"href":"https:\/\/ursus.ee\/en\/wp-json\/wp\/v2\/media\/16418"}],"wp:attachment":[{"href":"https:\/\/ursus.ee\/en\/wp-json\/wp\/v2\/media?parent=17610"}],"wp:term":[{"taxonomy":"product_brand","embeddable":true,"href":"https:\/\/ursus.ee\/en\/wp-json\/wp\/v2\/product_brand?post=17610"},{"taxonomy":"product_cat","embeddable":true,"href":"https:\/\/ursus.ee\/en\/wp-json\/wp\/v2\/product_cat?post=17610"},{"taxonomy":"product_tag","embeddable":true,"href":"https:\/\/ursus.ee\/en\/wp-json\/wp\/v2\/product_tag?post=17610"}],"curies":[{"name":"wp","href":"https:\/\/api.w.org\/{rel}","templated":true}]}}