{"id":17607,"date":"2026-04-16T17:08:06","date_gmt":"2026-04-16T14:08:06","guid":{"rendered":"https:\/\/ursus.ee\/toode\/putukamurk-lendavatele-putukatele\/"},"modified":"2026-04-20T15:08:21","modified_gmt":"2026-04-20T12:08:21","slug":"putukamurk-lendavatele-putukatele","status":"publish","type":"product","link":"https:\/\/ursus.ee\/en\/toode\/putukamurk-lendavatele-putukatele\/","title":{"rendered":"Putukam\u00fcrk lendavatele putukatele"},"content":{"rendered":"<p>Aerosoolm\u00fcrk efektiivseks lendavate putukate t\u00f5rjumiseks siseruumides: k\u00e4rbsed, s\u00e4\u00e4sed, \u00e4\u00e4dikak\u00e4rbsed ja riidekoid.<\/p>\n<p>KASUTAMINE:<br \/>\nSulgeda uksed ja aknad. Enne kasutamist loksutada. Alustada ruumi k\u00f5ige kaugemast nurgast ja liikuda v\u00e4ljap\u00e4\u00e4su suunas. Hoida vertikaalasendis ja pihustada k\u00f5ikides suundades. Hoida v\u00e4hemalt 1 m kaugusel seintest, tekstiilidest ja m\u00f6\u00f6blist. Pihustussoovitus 10 sekundit iga 20m2 (50m3) kohta. P\u00e4rast t\u00f5rjet sulgeda ruum 15 minutiks ning seej\u00e4rel \u00f5hutada ruum, kuni l\u00f5hn on t\u00e4ielikult kadunud.<\/p>\n<p>OHUTUS:<br \/>\nRuumist eemaldada lemmikloomad ja toit. Katta akvaarium. Mitte s\u00fc\u00fca ega juua putukat\u00f5rje ajal. Ruumis v\u00f5ib viibida ainult isik, kes sooritab t\u00f5rjet. V\u00e4ga m\u00fcrgine veeorganismidele, v\u00f5ib p\u00f5hjustada pikaajalist veekeskkonda kahjustavat toimet. Hoida lastele k\u00e4ttesaamatus kohas. Hoida eemal s\u00fcttimisallikast &#8211; mitte suitsetada. V\u00e4ltida udu sissehingamist. V\u00e4tlida kemikaali sattumist nahale ja silma. K\u00e4idelda h\u00e4stiventileeritavas kohas. Ettevaatust, mahuti on r\u00f5hu all. Mitte hoida otsese p\u00e4ikese k\u00e4es, ega temperatuuril \u00fcle 50C. Mitte purustada ega p\u00f5letada isegip\u00e4rast kasutamist. Mitte pihustada lahtisesse tulle ega mistahes h\u00f5\u00f5guvatele materjalidele.<\/p>\n","protected":false},"excerpt":{"rendered":"<p>Aerosoolm\u00fcrk efektiivseks lendavate putukate t\u00f5rjumiseks siseruumides: k\u00e4rbsed, s\u00e4\u00e4sed, \u00e4\u00e4dikak\u00e4rbsed ja riidekoid. KASUTAMINE: Sulgeda uksed ja aknad. Enne kasutamist loksutada. Alustada ruumi k\u00f5ige kaugemast nurgast ja liikuda v\u00e4ljap\u00e4\u00e4su suunas. Hoida vertikaalasendis ja pihustada k\u00f5ikides suundades. Hoida v\u00e4hemalt 1 m kaugusel seintest, tekstiilidest ja m\u00f6\u00f6blist. Pihustussoovitus 10 sekundit iga 20m2 (50m3) kohta. P\u00e4rast t\u00f5rjet sulgeda ruum 15<\/p>\n","protected":false},"featured_media":16409,"comment_status":"closed","ping_status":"open","template":"","meta":{"_acf_changed":false},"product_brand":[732],"product_cat":[512,734],"product_tag":[],"class_list":{"0":"post-17607","1":"product","2":"type-product","3":"status-publish","4":"has-post-thumbnail","6":"product_brand-bros","7":"product_cat-majapidamistarbed","8":"product_cat-aiakaubad","9":"pa_kogus-400-ml","10":"pa_koostis-d-fenotriin-01-01g-100g-praletriin-009-009g-100g-pbo-045-045g-100g","11":"pa_paritolumaa-poola","12":"pa_uhik-ml","14":"first","15":"instock","16":"taxable","17":"shipping-taxable","18":"purchasable","19":"product-type-simple"},"acf":[],"_links":{"self":[{"href":"https:\/\/ursus.ee\/en\/wp-json\/wp\/v2\/product\/17607","targetHints":{"allow":["GET"]}}],"collection":[{"href":"https:\/\/ursus.ee\/en\/wp-json\/wp\/v2\/product"}],"about":[{"href":"https:\/\/ursus.ee\/en\/wp-json\/wp\/v2\/types\/product"}],"replies":[{"embeddable":true,"href":"https:\/\/ursus.ee\/en\/wp-json\/wp\/v2\/comments?post=17607"}],"wp:featuredmedia":[{"embeddable":true,"href":"https:\/\/ursus.ee\/en\/wp-json\/wp\/v2\/media\/16409"}],"wp:attachment":[{"href":"https:\/\/ursus.ee\/en\/wp-json\/wp\/v2\/media?parent=17607"}],"wp:term":[{"taxonomy":"product_brand","embeddable":true,"href":"https:\/\/ursus.ee\/en\/wp-json\/wp\/v2\/product_brand?post=17607"},{"taxonomy":"product_cat","embeddable":true,"href":"https:\/\/ursus.ee\/en\/wp-json\/wp\/v2\/product_cat?post=17607"},{"taxonomy":"product_tag","embeddable":true,"href":"https:\/\/ursus.ee\/en\/wp-json\/wp\/v2\/product_tag?post=17607"}],"curies":[{"name":"wp","href":"https:\/\/api.w.org\/{rel}","templated":true}]}}