{"id":15208,"date":"2026-03-23T17:20:29","date_gmt":"2026-03-23T15:20:29","guid":{"rendered":"https:\/\/ursus.ee\/toode\/puhastusgeel-ahjule-grillile-kaminaklaasile-375-ml\/"},"modified":"2026-03-27T13:35:19","modified_gmt":"2026-03-27T11:35:19","slug":"puhastusgeel-ahjule-grillile-kaminaklaasile-375-ml","status":"publish","type":"product","link":"https:\/\/ursus.ee\/en\/toode\/puhastusgeel-ahjule-grillile-kaminaklaasile-375-ml\/","title":{"rendered":"Puhastusgeel ahjule, grillile, kaminaklaasile 375 ml"},"content":{"rendered":"<p>\u2022Eemaldab t\u00f5husalt k\u00f5rbenud toiduj\u00e4\u00e4gid, mustuse ja rasva. \u2022T\u00e4nu geeljale koostisele sobib ka vertikaalsete pindade puhastamiseks, ei voola maha. \u2022Sobib ka m\u00e4\u00e4rdunud kaminaklaasi, pannide, k\u00fcpsetusplaatide ja \u00f5hufrit\u00fc\u00fcride puhastamiseks. \u2022Kasutamisel ei teki kahjulikke aure. \u2022Meeldivalt v\u00e4rske greibi l\u00f5hnaga.<\/p>\n","protected":false},"excerpt":{"rendered":"<p>\u2022Eemaldab t\u00f5husalt k\u00f5rbenud toiduj\u00e4\u00e4gid, mustuse ja rasva. \u2022T\u00e4nu geeljale koostisele sobib ka vertikaalsete pindade puhastamiseks, ei voola maha. \u2022Sobib ka m\u00e4\u00e4rdunud kaminaklaasi, pannide, k\u00fcpsetusplaatide ja \u00f5hufrit\u00fc\u00fcride puhastamiseks. \u2022Kasutamisel ei teki kahjulikke aure. \u2022Meeldivalt v\u00e4rske greibi l\u00f5hnaga.<\/p>\n","protected":false},"featured_media":16068,"comment_status":"closed","ping_status":"closed","template":"","meta":{"_acf_changed":false},"product_brand":[110],"product_cat":[116,111],"product_tag":[],"class_list":{"0":"post-15208","1":"product","2":"type-product","3":"status-publish","4":"has-post-thumbnail","6":"product_brand-dr-beckmann","7":"product_cat-puhastusvahendid","8":"product_cat-kodukeemia","9":"pa_kogus-375-ml","10":"pa_koostis-koostis-5-anioonsed-pindaktiivsed-ained-lohnaained","11":"pa_paritolumaa-saksamaa","12":"pa_uhik-ml","14":"first","15":"instock","16":"purchasable","17":"product-type-simple"},"acf":[],"_links":{"self":[{"href":"https:\/\/ursus.ee\/en\/wp-json\/wp\/v2\/product\/15208","targetHints":{"allow":["GET"]}}],"collection":[{"href":"https:\/\/ursus.ee\/en\/wp-json\/wp\/v2\/product"}],"about":[{"href":"https:\/\/ursus.ee\/en\/wp-json\/wp\/v2\/types\/product"}],"replies":[{"embeddable":true,"href":"https:\/\/ursus.ee\/en\/wp-json\/wp\/v2\/comments?post=15208"}],"wp:featuredmedia":[{"embeddable":true,"href":"https:\/\/ursus.ee\/en\/wp-json\/wp\/v2\/media\/16068"}],"wp:attachment":[{"href":"https:\/\/ursus.ee\/en\/wp-json\/wp\/v2\/media?parent=15208"}],"wp:term":[{"taxonomy":"product_brand","embeddable":true,"href":"https:\/\/ursus.ee\/en\/wp-json\/wp\/v2\/product_brand?post=15208"},{"taxonomy":"product_cat","embeddable":true,"href":"https:\/\/ursus.ee\/en\/wp-json\/wp\/v2\/product_cat?post=15208"},{"taxonomy":"product_tag","embeddable":true,"href":"https:\/\/ursus.ee\/en\/wp-json\/wp\/v2\/product_tag?post=15208"}],"curies":[{"name":"wp","href":"https:\/\/api.w.org\/{rel}","templated":true}]}}