{"id":15202,"date":"2026-03-23T17:20:29","date_gmt":"2026-03-23T15:20:29","guid":{"rendered":"https:\/\/ursus.ee\/toode\/nail-therapy-kuune-ja-kuunenahaoli-3in1-8ml\/"},"modified":"2026-03-27T16:24:27","modified_gmt":"2026-03-27T14:24:27","slug":"nail-therapy-kuune-ja-kuunenahaoli-3in1-8ml","status":"publish","type":"product","link":"https:\/\/ursus.ee\/en\/toode\/nail-therapy-kuune-ja-kuunenahaoli-3in1-8ml\/","title":{"rendered":"Nail Therapy k\u00fc\u00fcne- ja k\u00fc\u00fcnenaha\u00f5li 3in1 8ml"},"content":{"rendered":"<p>Kolmefaasiline rikkaliku koostisega puuviljal\u00f5hnaline niisutav \u00f5li kuivadele k\u00fc\u00fcnenahkadele ja k\u00fc\u00fcntele. Hoolitseb tugevalt kahjustatud, habraste ja kuivade k\u00fc\u00fcnte eest, pehmendab ja niisutab k\u00fc\u00fcnenahka ning hoiab l\u00f5henemise eest. K\u00fc\u00fcned muutuvad kahjustustele vastupidavamaks ja elavamaks. Sobilik manik\u00fc\u00fcrij\u00e4rgseks hoolduseks.<\/p>\n","protected":false},"excerpt":{"rendered":"<p>Kolmefaasiline rikkaliku koostisega puuviljal\u00f5hnaline niisutav \u00f5li kuivadele k\u00fc\u00fcnenahkadele ja k\u00fc\u00fcntele. Hoolitseb tugevalt kahjustatud, habraste ja kuivade k\u00fc\u00fcnte eest, pehmendab ja niisutab k\u00fc\u00fcnenahka ning hoiab l\u00f5henemise eest. K\u00fc\u00fcned muutuvad kahjustustele vastupidavamaks ja elavamaks. Sobilik manik\u00fc\u00fcrij\u00e4rgseks hoolduseks.<\/p>\n","protected":false},"featured_media":16065,"comment_status":"closed","ping_status":"closed","template":"","meta":{"_acf_changed":false},"product_brand":[187],"product_cat":[244,507],"product_tag":[],"class_list":{"0":"post-15202","1":"product","2":"type-product","3":"status-publish","4":"has-post-thumbnail","6":"product_brand-eveline-cosmetics","7":"product_cat-kehahooldus","8":"product_cat-kate-ja-jalahooldus","9":"pa_kogus-8-ml","10":"pa_koostis-peg-7-glyceryl-cocoate-glycerin-paraffinum-liquidum-dimethicone-aqua-water-phenyl-trimethicone-argania-spinosa-kernel-oil-simmondsia-chinensis-seed-oil-peg-8-olea-europaea-fruit-oil-prunu","11":"pa_paritolumaa-poola","12":"pa_uhik-ml","14":"first","15":"instock","16":"purchasable","17":"product-type-simple"},"acf":[],"_links":{"self":[{"href":"https:\/\/ursus.ee\/en\/wp-json\/wp\/v2\/product\/15202","targetHints":{"allow":["GET"]}}],"collection":[{"href":"https:\/\/ursus.ee\/en\/wp-json\/wp\/v2\/product"}],"about":[{"href":"https:\/\/ursus.ee\/en\/wp-json\/wp\/v2\/types\/product"}],"replies":[{"embeddable":true,"href":"https:\/\/ursus.ee\/en\/wp-json\/wp\/v2\/comments?post=15202"}],"wp:featuredmedia":[{"embeddable":true,"href":"https:\/\/ursus.ee\/en\/wp-json\/wp\/v2\/media\/16065"}],"wp:attachment":[{"href":"https:\/\/ursus.ee\/en\/wp-json\/wp\/v2\/media?parent=15202"}],"wp:term":[{"taxonomy":"product_brand","embeddable":true,"href":"https:\/\/ursus.ee\/en\/wp-json\/wp\/v2\/product_brand?post=15202"},{"taxonomy":"product_cat","embeddable":true,"href":"https:\/\/ursus.ee\/en\/wp-json\/wp\/v2\/product_cat?post=15202"},{"taxonomy":"product_tag","embeddable":true,"href":"https:\/\/ursus.ee\/en\/wp-json\/wp\/v2\/product_tag?post=15202"}],"curies":[{"name":"wp","href":"https:\/\/api.w.org\/{rel}","templated":true}]}}