{"id":15196,"date":"2026-03-30T16:28:48","date_gmt":"2026-03-30T13:28:48","guid":{"rendered":"https:\/\/ursus.ee\/toode\/aqua-platinum-huulepulk-nr-478\/"},"modified":"2026-03-30T16:28:48","modified_gmt":"2026-03-30T13:28:48","slug":"aqua-platinum-huulepulk-nr-478","status":"publish","type":"product","link":"https:\/\/ursus.ee\/en\/toode\/aqua-platinum-huulepulk-nr-478\/","title":{"rendered":"Aqua Platinum huulepulk nr. 478"},"content":{"rendered":"<p>Aqua Platinum huulepulgad on hea katvusega ning pigment j\u00e4\u00e4b huultele juba esimesel t\u00f5mbel. Huulepulk muudab huuled siledaks ja toonib neid kaunilt, selle kreemjas tekstuur niisutab ja kaitseb huuli mitme tunni v\u00e4ltel. Ilus ja intensiivne v\u00e4rvitoon ning l\u00e4ige p\u00fcsib huultel kuni 6 tunni v\u00e4ltel. Huulepulga koostises olevad C- ja E-vitamiin toidavad ja niisutavad huulte \u00f5rna nahka. Huulepulga kasutamine kaitseb huuli UV-kiirte eest.<\/p>\n","protected":false},"excerpt":{"rendered":"<p>Aqua Platinum huulepulgad on hea katvusega ning pigment j\u00e4\u00e4b huultele juba esimesel t\u00f5mbel. Huulepulk muudab huuled siledaks ja toonib neid kaunilt, selle kreemjas tekstuur niisutab ja kaitseb huuli mitme tunni v\u00e4ltel. Ilus ja intensiivne v\u00e4rvitoon ning l\u00e4ige p\u00fcsib huultel kuni 6 tunni v\u00e4ltel. Huulepulga koostises olevad C- ja E-vitamiin toidavad ja niisutavad huulte \u00f5rna nahka.<\/p>\n","protected":false},"featured_media":16097,"comment_status":"closed","ping_status":"closed","template":"","meta":{"_acf_changed":false},"product_brand":[187],"product_cat":[188,311],"product_tag":[],"class_list":{"0":"post-15196","1":"product","2":"type-product","3":"status-publish","4":"has-post-thumbnail","6":"product_brand-eveline-cosmetics","7":"product_cat-naohooldus","8":"product_cat-dekoratiivkosmeetika","9":"pa_kogus-4-g","10":"pa_paritolumaa-poola","11":"pa_uhik-g","13":"first","14":"instock","15":"purchasable","16":"product-type-simple"},"acf":[],"_links":{"self":[{"href":"https:\/\/ursus.ee\/en\/wp-json\/wp\/v2\/product\/15196","targetHints":{"allow":["GET"]}}],"collection":[{"href":"https:\/\/ursus.ee\/en\/wp-json\/wp\/v2\/product"}],"about":[{"href":"https:\/\/ursus.ee\/en\/wp-json\/wp\/v2\/types\/product"}],"replies":[{"embeddable":true,"href":"https:\/\/ursus.ee\/en\/wp-json\/wp\/v2\/comments?post=15196"}],"wp:featuredmedia":[{"embeddable":true,"href":"https:\/\/ursus.ee\/en\/wp-json\/wp\/v2\/media\/16097"}],"wp:attachment":[{"href":"https:\/\/ursus.ee\/en\/wp-json\/wp\/v2\/media?parent=15196"}],"wp:term":[{"taxonomy":"product_brand","embeddable":true,"href":"https:\/\/ursus.ee\/en\/wp-json\/wp\/v2\/product_brand?post=15196"},{"taxonomy":"product_cat","embeddable":true,"href":"https:\/\/ursus.ee\/en\/wp-json\/wp\/v2\/product_cat?post=15196"},{"taxonomy":"product_tag","embeddable":true,"href":"https:\/\/ursus.ee\/en\/wp-json\/wp\/v2\/product_tag?post=15196"}],"curies":[{"name":"wp","href":"https:\/\/api.w.org\/{rel}","templated":true}]}}