{"id":15179,"date":"2026-03-30T16:28:48","date_gmt":"2026-03-30T13:28:48","guid":{"rendered":"https:\/\/ursus.ee\/toode\/huulelaige-choco-glamour-vinyl-gloss-nr-02\/"},"modified":"2026-03-30T16:36:49","modified_gmt":"2026-03-30T13:36:49","slug":"huulelaige-choco-glamour-vinyl-gloss-nr-02","status":"publish","type":"product","link":"https:\/\/ursus.ee\/en\/toode\/huulelaige-choco-glamour-vinyl-gloss-nr-02\/","title":{"rendered":"Huulel\u00e4ige Choco Glamour Vinyl Gloss nr.02"},"content":{"rendered":"<p>E-vitamiini, jojoba\u00f5li ja sheav\u00f5id sisaldav huulel\u00e4ige on siidise koostisega, mis muudab peale kandmise meeldivaks. Toode ei j\u00e4ta huultele kleepuvat tunnet.<\/p>\n","protected":false},"excerpt":{"rendered":"<p>E-vitamiini, jojoba\u00f5li ja sheav\u00f5id sisaldav huulel\u00e4ige on siidise koostisega, mis muudab peale kandmise meeldivaks. Toode ei j\u00e4ta huultele kleepuvat tunnet.<\/p>\n","protected":false},"featured_media":16112,"comment_status":"closed","ping_status":"closed","template":"","meta":{"_acf_changed":false},"product_brand":[187],"product_cat":[188,311],"product_tag":[],"class_list":{"0":"post-15179","1":"product","2":"type-product","3":"status-publish","4":"has-post-thumbnail","6":"product_brand-eveline-cosmetics","7":"product_cat-naohooldus","8":"product_cat-dekoratiivkosmeetika","9":"pa_kogus-45-ml","10":"pa_koostis-polyisobutenehydrogenated-polydecenepolyglyceryl-3-diisostearatedi-ppg-3-myristyl-ether-adipatepentaerythrityl-tetraisostearatesorbitan-olivatesynthetic-waxcera-microcristallinaparaffinethyl","11":"pa_paritolumaa-poola","12":"pa_uhik-ml","14":"first","15":"instock","16":"purchasable","17":"product-type-simple"},"acf":[],"_links":{"self":[{"href":"https:\/\/ursus.ee\/en\/wp-json\/wp\/v2\/product\/15179","targetHints":{"allow":["GET"]}}],"collection":[{"href":"https:\/\/ursus.ee\/en\/wp-json\/wp\/v2\/product"}],"about":[{"href":"https:\/\/ursus.ee\/en\/wp-json\/wp\/v2\/types\/product"}],"replies":[{"embeddable":true,"href":"https:\/\/ursus.ee\/en\/wp-json\/wp\/v2\/comments?post=15179"}],"wp:featuredmedia":[{"embeddable":true,"href":"https:\/\/ursus.ee\/en\/wp-json\/wp\/v2\/media\/16112"}],"wp:attachment":[{"href":"https:\/\/ursus.ee\/en\/wp-json\/wp\/v2\/media?parent=15179"}],"wp:term":[{"taxonomy":"product_brand","embeddable":true,"href":"https:\/\/ursus.ee\/en\/wp-json\/wp\/v2\/product_brand?post=15179"},{"taxonomy":"product_cat","embeddable":true,"href":"https:\/\/ursus.ee\/en\/wp-json\/wp\/v2\/product_cat?post=15179"},{"taxonomy":"product_tag","embeddable":true,"href":"https:\/\/ursus.ee\/en\/wp-json\/wp\/v2\/product_tag?post=15179"}],"curies":[{"name":"wp","href":"https:\/\/api.w.org\/{rel}","templated":true}]}}