{"id":15172,"date":"2026-03-30T16:28:48","date_gmt":"2026-03-30T13:28:48","guid":{"rendered":"https:\/\/ursus.ee\/toode\/intensiivselt-taastav-oine-huulemask-choco-glamour\/"},"modified":"2026-03-30T16:28:48","modified_gmt":"2026-03-30T13:28:48","slug":"intensiivselt-taastav-oine-huulemask-choco-glamour","status":"publish","type":"product","link":"https:\/\/ursus.ee\/en\/toode\/intensiivselt-taastav-oine-huulemask-choco-glamour\/","title":{"rendered":"Intensiivselt taastav \u00f6ine huulemask Choco Glamour"},"content":{"rendered":"<p>Taastav mask v\u00e4ga kuivadele, \u00e4rritunud, l\u00f5henenud huultele. M\u00f5eldud \u00f6iseks hoolduseks. Aktiivsed koostisosad nagu jojoba\u00f5li, oliivi\u00f5li ja p\u00e4evalille\u00f5li pinguldavad, rahustavad ja omavad p\u00f5letikuvastast toimet. Skvalaan ja sheav\u00f5i siluvad nahka ja niisutavad seda s\u00fcgavuti. Vegan.<\/p>\n","protected":false},"excerpt":{"rendered":"<p>Taastav mask v\u00e4ga kuivadele, \u00e4rritunud, l\u00f5henenud huultele. M\u00f5eldud \u00f6iseks hoolduseks. Aktiivsed koostisosad nagu jojoba\u00f5li, oliivi\u00f5li ja p\u00e4evalille\u00f5li pinguldavad, rahustavad ja omavad p\u00f5letikuvastast toimet. Skvalaan ja sheav\u00f5i siluvad nahka ja niisutavad seda s\u00fcgavuti. Vegan.<\/p>\n","protected":false},"featured_media":16125,"comment_status":"closed","ping_status":"closed","template":"","meta":{"_acf_changed":false},"product_brand":[187],"product_cat":[188,311],"product_tag":[],"class_list":{"0":"post-15172","1":"product","2":"type-product","3":"status-publish","4":"has-post-thumbnail","6":"product_brand-eveline-cosmetics","7":"product_cat-naohooldus","8":"product_cat-dekoratiivkosmeetika","9":"pa_kogus-12-ml","10":"pa_koostis-polybutenehelianthus-annuus-seed-oildiisostearyl-malatebis-diglyceryl-polyacyladipate-2caprylic-capri-triglyceridepentaerythrityl-tetraisostearateisononyl-isononanoatesoybean-glycerideseuphor","11":"pa_paritolumaa-poola","12":"pa_uhik-ml","14":"first","15":"instock","16":"purchasable","17":"product-type-simple"},"acf":[],"_links":{"self":[{"href":"https:\/\/ursus.ee\/en\/wp-json\/wp\/v2\/product\/15172","targetHints":{"allow":["GET"]}}],"collection":[{"href":"https:\/\/ursus.ee\/en\/wp-json\/wp\/v2\/product"}],"about":[{"href":"https:\/\/ursus.ee\/en\/wp-json\/wp\/v2\/types\/product"}],"replies":[{"embeddable":true,"href":"https:\/\/ursus.ee\/en\/wp-json\/wp\/v2\/comments?post=15172"}],"wp:featuredmedia":[{"embeddable":true,"href":"https:\/\/ursus.ee\/en\/wp-json\/wp\/v2\/media\/16125"}],"wp:attachment":[{"href":"https:\/\/ursus.ee\/en\/wp-json\/wp\/v2\/media?parent=15172"}],"wp:term":[{"taxonomy":"product_brand","embeddable":true,"href":"https:\/\/ursus.ee\/en\/wp-json\/wp\/v2\/product_brand?post=15172"},{"taxonomy":"product_cat","embeddable":true,"href":"https:\/\/ursus.ee\/en\/wp-json\/wp\/v2\/product_cat?post=15172"},{"taxonomy":"product_tag","embeddable":true,"href":"https:\/\/ursus.ee\/en\/wp-json\/wp\/v2\/product_tag?post=15172"}],"curies":[{"name":"wp","href":"https:\/\/api.w.org\/{rel}","templated":true}]}}