{"id":15168,"date":"2026-03-30T16:28:48","date_gmt":"2026-03-30T13:28:48","guid":{"rendered":"https:\/\/ursus.ee\/toode\/huulepalsam-extra-soft-bio-arbuus\/"},"modified":"2026-03-30T16:28:48","modified_gmt":"2026-03-30T13:28:48","slug":"huulepalsam-extra-soft-bio-arbuus","status":"publish","type":"product","link":"https:\/\/ursus.ee\/en\/toode\/huulepalsam-extra-soft-bio-arbuus\/","title":{"rendered":"Huulepalsam Extra Soft BIO Arbuus"},"content":{"rendered":"<p>Niisutav arbuusil\u00f5hnaline huulepalsam tagab kuivadele huultele kohese niisutuse. Koostis on rikastatud sheav\u00f5i ja vitamiinidega A + C + E, mis tagavad kohese leevenduse l\u00f5henenud ja \u00e4rritunud huultele. Huulepalsamit on soovitav kasutada kuivade ja ketendavate huulte igap\u00e4evaseks hoolduseks.<\/p>\n","protected":false},"excerpt":{"rendered":"<p>Niisutav arbuusil\u00f5hnaline huulepalsam tagab kuivadele huultele kohese niisutuse. Koostis on rikastatud sheav\u00f5i ja vitamiinidega A + C + E, mis tagavad kohese leevenduse l\u00f5henenud ja \u00e4rritunud huultele. Huulepalsamit on soovitav kasutada kuivade ja ketendavate huulte igap\u00e4evaseks hoolduseks.<\/p>\n","protected":false},"featured_media":16118,"comment_status":"closed","ping_status":"closed","template":"","meta":{"_acf_changed":false},"product_brand":[187],"product_cat":[188,311],"product_tag":[],"class_list":{"0":"post-15168","1":"product","2":"type-product","3":"status-publish","4":"has-post-thumbnail","6":"product_brand-eveline-cosmetics","7":"product_cat-naohooldus","8":"product_cat-dekoratiivkosmeetika","9":"pa_kogus-4-g","10":"pa_koostis-petrolatum-paraffinum-liquidum-helianthus-annuus-seed-oil-paraffin-cera-alba-polybutene-copernicia-cerifera-cera-butyrospermum-parkii-butter-cocos-nucifera-oil-argania-spinosa-kernel-oil-to","11":"pa_paritolumaa-poola","12":"pa_uhik-g","14":"first","15":"instock","16":"purchasable","17":"product-type-simple"},"acf":[],"_links":{"self":[{"href":"https:\/\/ursus.ee\/en\/wp-json\/wp\/v2\/product\/15168","targetHints":{"allow":["GET"]}}],"collection":[{"href":"https:\/\/ursus.ee\/en\/wp-json\/wp\/v2\/product"}],"about":[{"href":"https:\/\/ursus.ee\/en\/wp-json\/wp\/v2\/types\/product"}],"replies":[{"embeddable":true,"href":"https:\/\/ursus.ee\/en\/wp-json\/wp\/v2\/comments?post=15168"}],"wp:featuredmedia":[{"embeddable":true,"href":"https:\/\/ursus.ee\/en\/wp-json\/wp\/v2\/media\/16118"}],"wp:attachment":[{"href":"https:\/\/ursus.ee\/en\/wp-json\/wp\/v2\/media?parent=15168"}],"wp:term":[{"taxonomy":"product_brand","embeddable":true,"href":"https:\/\/ursus.ee\/en\/wp-json\/wp\/v2\/product_brand?post=15168"},{"taxonomy":"product_cat","embeddable":true,"href":"https:\/\/ursus.ee\/en\/wp-json\/wp\/v2\/product_cat?post=15168"},{"taxonomy":"product_tag","embeddable":true,"href":"https:\/\/ursus.ee\/en\/wp-json\/wp\/v2\/product_tag?post=15168"}],"curies":[{"name":"wp","href":"https:\/\/api.w.org\/{rel}","templated":true}]}}