{"id":15163,"date":"2026-03-23T17:20:29","date_gmt":"2026-03-23T15:20:29","guid":{"rendered":"https:\/\/ursus.ee\/toode\/better-than-perfect-meigisvamm\/"},"modified":"2026-03-30T11:43:16","modified_gmt":"2026-03-30T08:43:16","slug":"better-than-perfect-meigisvamm","status":"publish","type":"product","link":"https:\/\/ursus.ee\/en\/toode\/better-than-perfect-meigisvamm\/","title":{"rendered":"Better Than Perfect meigisvamm"},"content":{"rendered":"<p>K\u00e4rjekujulise struktuuriga meigisvamm, mis ei ima meigitoodet endasse, v\u00e4hendades seel\u00e4bi tootekulu. Meigisvamm on lateksivaba, mist\u00f5ttu sobib see ka k\u00f5ige tundlikumale nahat\u00fc\u00fcbile. Selle munakujuline kuju ja paindlikkus tagavad meigitoodete t\u00e4pse pealekandmise ja \u00fchtlase, triipudeta katvuse.<\/p>\n","protected":false},"excerpt":{"rendered":"<p>K\u00e4rjekujulise struktuuriga meigisvamm, mis ei ima meigitoodet endasse, v\u00e4hendades seel\u00e4bi tootekulu. Meigisvamm on lateksivaba, mist\u00f5ttu sobib see ka k\u00f5ige tundlikumale nahat\u00fc\u00fcbile. Selle munakujuline kuju ja paindlikkus tagavad meigitoodete t\u00e4pse pealekandmise ja \u00fchtlase, triipudeta katvuse.<\/p>\n","protected":false},"featured_media":16101,"comment_status":"closed","ping_status":"closed","template":"","meta":{"_acf_changed":false},"product_brand":[187],"product_cat":[188,311],"product_tag":[],"class_list":{"0":"post-15163","1":"product","2":"type-product","3":"status-publish","4":"has-post-thumbnail","6":"product_brand-eveline-cosmetics","7":"product_cat-naohooldus","8":"product_cat-dekoratiivkosmeetika","9":"pa_kogus-1-tk","10":"pa_paritolumaa-poola","11":"pa_uhik-tk","13":"first","14":"instock","15":"purchasable","16":"product-type-simple"},"acf":[],"_links":{"self":[{"href":"https:\/\/ursus.ee\/en\/wp-json\/wp\/v2\/product\/15163","targetHints":{"allow":["GET"]}}],"collection":[{"href":"https:\/\/ursus.ee\/en\/wp-json\/wp\/v2\/product"}],"about":[{"href":"https:\/\/ursus.ee\/en\/wp-json\/wp\/v2\/types\/product"}],"replies":[{"embeddable":true,"href":"https:\/\/ursus.ee\/en\/wp-json\/wp\/v2\/comments?post=15163"}],"wp:featuredmedia":[{"embeddable":true,"href":"https:\/\/ursus.ee\/en\/wp-json\/wp\/v2\/media\/16101"}],"wp:attachment":[{"href":"https:\/\/ursus.ee\/en\/wp-json\/wp\/v2\/media?parent=15163"}],"wp:term":[{"taxonomy":"product_brand","embeddable":true,"href":"https:\/\/ursus.ee\/en\/wp-json\/wp\/v2\/product_brand?post=15163"},{"taxonomy":"product_cat","embeddable":true,"href":"https:\/\/ursus.ee\/en\/wp-json\/wp\/v2\/product_cat?post=15163"},{"taxonomy":"product_tag","embeddable":true,"href":"https:\/\/ursus.ee\/en\/wp-json\/wp\/v2\/product_tag?post=15163"}],"curies":[{"name":"wp","href":"https:\/\/api.w.org\/{rel}","templated":true}]}}