{"id":15161,"date":"2026-03-30T16:28:49","date_gmt":"2026-03-30T13:28:49","guid":{"rendered":"https:\/\/ursus.ee\/toode\/kreemjas-paikesepuuder-choco-glamour-nr-02\/"},"modified":"2026-03-30T16:28:49","modified_gmt":"2026-03-30T13:28:49","slug":"kreemjas-paikesepuuder-choco-glamour-nr-02","status":"publish","type":"product","link":"https:\/\/ursus.ee\/en\/toode\/kreemjas-paikesepuuder-choco-glamour-nr-02\/","title":{"rendered":"Kreemjas p\u00e4ikesepuuder Choco Glamour nr.02"},"content":{"rendered":"<p>E-vitamiini sisaldav kreemjas p\u00e4ikesepuuder aitab luua t\u00e4iusliku n\u00e4okontuuri, hoides samal ajal nahka niisutatuna ja toidetuna. Pehme koostis v\u00f5imaldab toodet \u00fchtlaselt ja kerge vaevaga peale kanda.<\/p>\n","protected":false},"excerpt":{"rendered":"<p>E-vitamiini sisaldav kreemjas p\u00e4ikesepuuder aitab luua t\u00e4iusliku n\u00e4okontuuri, hoides samal ajal nahka niisutatuna ja toidetuna. Pehme koostis v\u00f5imaldab toodet \u00fchtlaselt ja kerge vaevaga peale kanda.<\/p>\n","protected":false},"featured_media":16137,"comment_status":"closed","ping_status":"closed","template":"","meta":{"_acf_changed":false},"product_brand":[187],"product_cat":[188,311],"product_tag":[],"class_list":{"0":"post-15161","1":"product","2":"type-product","3":"status-publish","4":"has-post-thumbnail","6":"product_brand-eveline-cosmetics","7":"product_cat-naohooldus","8":"product_cat-dekoratiivkosmeetika","9":"pa_kogus-20-g","10":"pa_koostis-isononyl-isononanoateethylhexyl-palmitatekaolintalcdimethiconeoctyldodecanolmicasynthetic-waxsorbitan-olivatesilica-dimethyl-silylatecera-albapolysilicone-11lauroyl-lysinesqualanetocoph","11":"pa_paritolumaa-poola","12":"pa_uhik-g","14":"first","15":"instock","16":"purchasable","17":"product-type-simple"},"acf":[],"_links":{"self":[{"href":"https:\/\/ursus.ee\/en\/wp-json\/wp\/v2\/product\/15161","targetHints":{"allow":["GET"]}}],"collection":[{"href":"https:\/\/ursus.ee\/en\/wp-json\/wp\/v2\/product"}],"about":[{"href":"https:\/\/ursus.ee\/en\/wp-json\/wp\/v2\/types\/product"}],"replies":[{"embeddable":true,"href":"https:\/\/ursus.ee\/en\/wp-json\/wp\/v2\/comments?post=15161"}],"wp:featuredmedia":[{"embeddable":true,"href":"https:\/\/ursus.ee\/en\/wp-json\/wp\/v2\/media\/16137"}],"wp:attachment":[{"href":"https:\/\/ursus.ee\/en\/wp-json\/wp\/v2\/media?parent=15161"}],"wp:term":[{"taxonomy":"product_brand","embeddable":true,"href":"https:\/\/ursus.ee\/en\/wp-json\/wp\/v2\/product_brand?post=15161"},{"taxonomy":"product_cat","embeddable":true,"href":"https:\/\/ursus.ee\/en\/wp-json\/wp\/v2\/product_cat?post=15161"},{"taxonomy":"product_tag","embeddable":true,"href":"https:\/\/ursus.ee\/en\/wp-json\/wp\/v2\/product_tag?post=15161"}],"curies":[{"name":"wp","href":"https:\/\/api.w.org\/{rel}","templated":true}]}}