{"id":15159,"date":"2026-03-30T16:28:49","date_gmt":"2026-03-30T13:28:49","guid":{"rendered":"https:\/\/ursus.ee\/toode\/feel-the-bronze-paikesepuuder-02-chocolate-cake\/"},"modified":"2026-03-30T16:37:54","modified_gmt":"2026-03-30T13:37:54","slug":"feel-the-bronze-paikesepuuder-02-chocolate-cake","status":"publish","type":"product","link":"https:\/\/ursus.ee\/en\/toode\/feel-the-bronze-paikesepuuder-02-chocolate-cake\/","title":{"rendered":"Feel The Bronze p\u00e4ikesepuuder 02 Chocolate Cake"},"content":{"rendered":"<p>Pehme koostis h\u00f5lbustab pealekandmist ja muudab efekti loomulikuks. P\u00e4ikeseline jume p\u00fcsib terve p\u00e4eva ning ainulaadne \u0161okolaadil\u00f5hn hoolitseb maitsva elamuse eest! Feel The Bronze puuder on suurep\u00e4rane n\u00e4okontuuri r\u00f5hutamiseks, n\u00e4ojoonte teravdamiseks ja ovaali modelleerimiseks.<\/p>\n","protected":false},"excerpt":{"rendered":"<p>Pehme koostis h\u00f5lbustab pealekandmist ja muudab efekti loomulikuks. P\u00e4ikeseline jume p\u00fcsib terve p\u00e4eva ning ainulaadne \u0161okolaadil\u00f5hn hoolitseb maitsva elamuse eest! Feel The Bronze puuder on suurep\u00e4rane n\u00e4okontuuri r\u00f5hutamiseks, n\u00e4ojoonte teravdamiseks ja ovaali modelleerimiseks.<\/p>\n","protected":false},"featured_media":16107,"comment_status":"closed","ping_status":"closed","template":"","meta":{"_acf_changed":false},"product_brand":[187],"product_cat":[188,311],"product_tag":[],"class_list":{"0":"post-15159","1":"product","2":"type-product","3":"status-publish","4":"has-post-thumbnail","6":"product_brand-eveline-cosmetics","7":"product_cat-naohooldus","8":"product_cat-dekoratiivkosmeetika","9":"pa_kogus-4-g","10":"pa_koostis-talc-mica-synthetic-fluorphlogopite-octyldodecyl-stearoyl-stearate-magnesium-stearate-silica-ethylhexyl-palmitate-nylon-12-boron-nitride-dimethicone-triethoxycaprylylsilane-parfum-12-hex","11":"pa_paritolumaa-poola","12":"pa_uhik-g","14":"first","15":"instock","16":"purchasable","17":"product-type-simple"},"acf":[],"_links":{"self":[{"href":"https:\/\/ursus.ee\/en\/wp-json\/wp\/v2\/product\/15159","targetHints":{"allow":["GET"]}}],"collection":[{"href":"https:\/\/ursus.ee\/en\/wp-json\/wp\/v2\/product"}],"about":[{"href":"https:\/\/ursus.ee\/en\/wp-json\/wp\/v2\/types\/product"}],"replies":[{"embeddable":true,"href":"https:\/\/ursus.ee\/en\/wp-json\/wp\/v2\/comments?post=15159"}],"wp:featuredmedia":[{"embeddable":true,"href":"https:\/\/ursus.ee\/en\/wp-json\/wp\/v2\/media\/16107"}],"wp:attachment":[{"href":"https:\/\/ursus.ee\/en\/wp-json\/wp\/v2\/media?parent=15159"}],"wp:term":[{"taxonomy":"product_brand","embeddable":true,"href":"https:\/\/ursus.ee\/en\/wp-json\/wp\/v2\/product_brand?post=15159"},{"taxonomy":"product_cat","embeddable":true,"href":"https:\/\/ursus.ee\/en\/wp-json\/wp\/v2\/product_cat?post=15159"},{"taxonomy":"product_tag","embeddable":true,"href":"https:\/\/ursus.ee\/en\/wp-json\/wp\/v2\/product_tag?post=15159"}],"curies":[{"name":"wp","href":"https:\/\/api.w.org\/{rel}","templated":true}]}}