{"id":15155,"date":"2026-03-30T16:28:49","date_gmt":"2026-03-30T13:28:49","guid":{"rendered":"https:\/\/ursus.ee\/toode\/lauvarv-choco-glamour-mono-moon-sparkle\/"},"modified":"2026-03-30T16:28:49","modified_gmt":"2026-03-30T13:28:49","slug":"lauvarv-choco-glamour-mono-moon-sparkle","status":"publish","type":"product","link":"https:\/\/ursus.ee\/en\/toode\/lauvarv-choco-glamour-mono-moon-sparkle\/","title":{"rendered":"Lauv\u00e4rv Choco Glamour Mono Moon Sparkle"},"content":{"rendered":"<p>Lauv\u00e4rvi kauap\u00fcsiv, luksuslik koostis sobib suurep\u00e4raselt eraldiseisva lauv\u00e4rvina v\u00f5i lihtsalt s\u00e4ra andmiseks.<\/p>\n","protected":false},"excerpt":{"rendered":"<p>Lauv\u00e4rvi kauap\u00fcsiv, luksuslik koostis sobib suurep\u00e4raselt eraldiseisva lauv\u00e4rvina v\u00f5i lihtsalt s\u00e4ra andmiseks.<\/p>\n","protected":false},"featured_media":16139,"comment_status":"closed","ping_status":"closed","template":"","meta":{"_acf_changed":false},"product_brand":[187],"product_cat":[188,311],"product_tag":[],"class_list":{"0":"post-15155","1":"product","2":"type-product","3":"status-publish","4":"has-post-thumbnail","6":"product_brand-eveline-cosmetics","7":"product_cat-naohooldus","8":"product_cat-dekoratiivkosmeetika","9":"pa_kogus-1-tk","10":"pa_koostis-cetyl-dimethiconecalcium-aluminum-borosilicatemagnesium-myristatesynthetic-fluorophlogopitesilicaaluminum-starch-octenylsuccinatetin-oxidecyclopentasiloxanetrimethylsiloxysilicatephenoxyetha","11":"pa_paritolumaa-poola","12":"pa_uhik-tk","14":"first","15":"instock","16":"purchasable","17":"product-type-simple"},"acf":[],"_links":{"self":[{"href":"https:\/\/ursus.ee\/en\/wp-json\/wp\/v2\/product\/15155","targetHints":{"allow":["GET"]}}],"collection":[{"href":"https:\/\/ursus.ee\/en\/wp-json\/wp\/v2\/product"}],"about":[{"href":"https:\/\/ursus.ee\/en\/wp-json\/wp\/v2\/types\/product"}],"replies":[{"embeddable":true,"href":"https:\/\/ursus.ee\/en\/wp-json\/wp\/v2\/comments?post=15155"}],"wp:featuredmedia":[{"embeddable":true,"href":"https:\/\/ursus.ee\/en\/wp-json\/wp\/v2\/media\/16139"}],"wp:attachment":[{"href":"https:\/\/ursus.ee\/en\/wp-json\/wp\/v2\/media?parent=15155"}],"wp:term":[{"taxonomy":"product_brand","embeddable":true,"href":"https:\/\/ursus.ee\/en\/wp-json\/wp\/v2\/product_brand?post=15155"},{"taxonomy":"product_cat","embeddable":true,"href":"https:\/\/ursus.ee\/en\/wp-json\/wp\/v2\/product_cat?post=15155"},{"taxonomy":"product_tag","embeddable":true,"href":"https:\/\/ursus.ee\/en\/wp-json\/wp\/v2\/product_tag?post=15155"}],"curies":[{"name":"wp","href":"https:\/\/api.w.org\/{rel}","templated":true}]}}