{"id":15136,"date":"2026-04-02T14:09:07","date_gmt":"2026-04-02T11:09:07","guid":{"rendered":"https:\/\/ursus.ee\/toode\/paevitusjargne-palsam-after-sun\/"},"modified":"2026-04-02T14:09:07","modified_gmt":"2026-04-02T11:09:07","slug":"paevitusjargne-palsam-after-sun","status":"publish","type":"product","link":"https:\/\/ursus.ee\/en\/toode\/paevitusjargne-palsam-after-sun\/","title":{"rendered":"P\u00e4evitusj\u00e4rgne palsam After Sun"},"content":{"rendered":"<p>P\u00e4evitusj\u00e4rgne palsam rahustab nahka, niisutab ja v\u00e4hendab p\u00e4evitusest tekkinud punetust. Sobib ka kuivale ja tundlikule nahale. Sisaldab D-pantenooli, Kukui- ja makadaamia\u00f5li, sheav\u00f5id, h\u00fcaluroonhapet, Centella Asiatica (Aasia vesinaba) ekstrakti ja E-vitamiini. Dermatoloogiliselt testitud.<\/p>\n","protected":false},"excerpt":{"rendered":"<p>P\u00e4evitusj\u00e4rgne palsam rahustab nahka, niisutab ja v\u00e4hendab p\u00e4evitusest tekkinud punetust. Sobib ka kuivale ja tundlikule nahale. Sisaldab D-pantenooli, Kukui- ja makadaamia\u00f5li, sheav\u00f5id, h\u00fcaluroonhapet, Centella Asiatica (Aasia vesinaba) ekstrakti ja E-vitamiini. Dermatoloogiliselt testitud.<\/p>\n","protected":false},"featured_media":16315,"comment_status":"closed","ping_status":"closed","template":"","meta":{"_acf_changed":false},"product_brand":[187],"product_cat":[244,262],"product_tag":[],"class_list":{"0":"post-15136","1":"product","2":"type-product","3":"status-publish","4":"has-post-thumbnail","6":"product_brand-eveline-cosmetics","7":"product_cat-kehahooldus","8":"product_cat-kehakreemid","9":"pa_kogus-200-ml","10":"pa_paritolumaa-poola","11":"pa_uhik-ml","13":"first","14":"instock","15":"purchasable","16":"product-type-simple"},"acf":[],"_links":{"self":[{"href":"https:\/\/ursus.ee\/en\/wp-json\/wp\/v2\/product\/15136","targetHints":{"allow":["GET"]}}],"collection":[{"href":"https:\/\/ursus.ee\/en\/wp-json\/wp\/v2\/product"}],"about":[{"href":"https:\/\/ursus.ee\/en\/wp-json\/wp\/v2\/types\/product"}],"replies":[{"embeddable":true,"href":"https:\/\/ursus.ee\/en\/wp-json\/wp\/v2\/comments?post=15136"}],"wp:featuredmedia":[{"embeddable":true,"href":"https:\/\/ursus.ee\/en\/wp-json\/wp\/v2\/media\/16315"}],"wp:attachment":[{"href":"https:\/\/ursus.ee\/en\/wp-json\/wp\/v2\/media?parent=15136"}],"wp:term":[{"taxonomy":"product_brand","embeddable":true,"href":"https:\/\/ursus.ee\/en\/wp-json\/wp\/v2\/product_brand?post=15136"},{"taxonomy":"product_cat","embeddable":true,"href":"https:\/\/ursus.ee\/en\/wp-json\/wp\/v2\/product_cat?post=15136"},{"taxonomy":"product_tag","embeddable":true,"href":"https:\/\/ursus.ee\/en\/wp-json\/wp\/v2\/product_tag?post=15136"}],"curies":[{"name":"wp","href":"https:\/\/api.w.org\/{rel}","templated":true}]}}