{"id":15132,"date":"2026-04-02T14:09:06","date_gmt":"2026-04-02T11:09:06","guid":{"rendered":"https:\/\/ursus.ee\/toode\/veekindel-paevituskreem-spf20-amazing-oils\/"},"modified":"2026-04-02T14:09:06","modified_gmt":"2026-04-02T11:09:06","slug":"veekindel-paevituskreem-spf20-amazing-oils","status":"publish","type":"product","link":"https:\/\/ursus.ee\/en\/toode\/veekindel-paevituskreem-spf20-amazing-oils\/","title":{"rendered":"Veekindel p\u00e4evituskreem SPF20 Amazing Oils"},"content":{"rendered":"<p>P\u00e4evituspiimas sisalduvad UVA ja UVB filtrid kaitsevad nahka p\u00e4ikesekiirte kahjulike m\u00f5jude eest. P\u00e4evituskreem on veekindel, mis tagab piisava p\u00e4ikese eest ka ujumise ajal. Toode ei j\u00e4ta nahale kleepuvat tunnet ning v\u00f5ib kanda ka m\u00e4rjale nahale. Sisaldab makadaamia ja Kukui \u00f5li, E-vitamiini, beetakaroteeni, DNA kompleksi ja D-pantenooli. Dermatoloogiliselt testitud.<\/p>\n","protected":false},"excerpt":{"rendered":"<p>P\u00e4evituspiimas sisalduvad UVA ja UVB filtrid kaitsevad nahka p\u00e4ikesekiirte kahjulike m\u00f5jude eest. P\u00e4evituskreem on veekindel, mis tagab piisava p\u00e4ikese eest ka ujumise ajal. Toode ei j\u00e4ta nahale kleepuvat tunnet ning v\u00f5ib kanda ka m\u00e4rjale nahale. Sisaldab makadaamia ja Kukui \u00f5li, E-vitamiini, beetakaroteeni, DNA kompleksi ja D-pantenooli. Dermatoloogiliselt testitud.<\/p>\n","protected":false},"featured_media":16324,"comment_status":"closed","ping_status":"closed","template":"","meta":{"_acf_changed":false},"product_brand":[187],"product_cat":[244,262],"product_tag":[],"class_list":{"0":"post-15132","1":"product","2":"type-product","3":"status-publish","4":"has-post-thumbnail","6":"product_brand-eveline-cosmetics","7":"product_cat-kehahooldus","8":"product_cat-kehakreemid","9":"pa_kogus-200-ml","10":"pa_koostis-aqua-parafinum-liquidum-ethylhexyl-methoxycinnamate-propylene-glycol-titanium-dioxide-nano-catearyl-alcohol-vphexadecane-comolymer-isopropyl-myristate-titanium-dioxide-cateareth-20-dimeth","11":"pa_paritolumaa-poola","12":"pa_uhik-ml","14":"first","15":"instock","16":"purchasable","17":"product-type-simple"},"acf":[],"_links":{"self":[{"href":"https:\/\/ursus.ee\/en\/wp-json\/wp\/v2\/product\/15132","targetHints":{"allow":["GET"]}}],"collection":[{"href":"https:\/\/ursus.ee\/en\/wp-json\/wp\/v2\/product"}],"about":[{"href":"https:\/\/ursus.ee\/en\/wp-json\/wp\/v2\/types\/product"}],"replies":[{"embeddable":true,"href":"https:\/\/ursus.ee\/en\/wp-json\/wp\/v2\/comments?post=15132"}],"wp:featuredmedia":[{"embeddable":true,"href":"https:\/\/ursus.ee\/en\/wp-json\/wp\/v2\/media\/16324"}],"wp:attachment":[{"href":"https:\/\/ursus.ee\/en\/wp-json\/wp\/v2\/media?parent=15132"}],"wp:term":[{"taxonomy":"product_brand","embeddable":true,"href":"https:\/\/ursus.ee\/en\/wp-json\/wp\/v2\/product_brand?post=15132"},{"taxonomy":"product_cat","embeddable":true,"href":"https:\/\/ursus.ee\/en\/wp-json\/wp\/v2\/product_cat?post=15132"},{"taxonomy":"product_tag","embeddable":true,"href":"https:\/\/ursus.ee\/en\/wp-json\/wp\/v2\/product_tag?post=15132"}],"curies":[{"name":"wp","href":"https:\/\/api.w.org\/{rel}","templated":true}]}}