{"id":15130,"date":"2026-04-02T14:09:06","date_gmt":"2026-04-02T11:09:06","guid":{"rendered":"https:\/\/ursus.ee\/toode\/paevitusoli-spf10-amazing-oils\/"},"modified":"2026-04-02T14:09:06","modified_gmt":"2026-04-02T11:09:06","slug":"paevitusoli-spf10-amazing-oils","status":"publish","type":"product","link":"https:\/\/ursus.ee\/en\/toode\/paevitusoli-spf10-amazing-oils\/","title":{"rendered":"P\u00e4evitus\u00f5li SPF10 Amazing Oils"},"content":{"rendered":"<p>P\u00e4evitus\u00f5li toidab ja niisutab nahka ning muudab selle elastseks. SPF10 kaitsefaktor kaitseb nahka p\u00e4ikesekiirte kahjuliku m\u00f5ju eest. P\u00e4evituskiirendi sisaldus kiirendab ja aktiveerib naha p\u00e4evitumist ning tagab kauap\u00fcsiva p\u00e4evitustulemuse. Sisaldab makadaamia\u00f5li, Kukui \u00f5li, A- ja E vitamiinide kompleksi, juglone ekstrakti ning beetakarotiini. Dematoloogiliselt testitud.<\/p>\n","protected":false},"excerpt":{"rendered":"<p>P\u00e4evitus\u00f5li toidab ja niisutab nahka ning muudab selle elastseks. SPF10 kaitsefaktor kaitseb nahka p\u00e4ikesekiirte kahjuliku m\u00f5ju eest. P\u00e4evituskiirendi sisaldus kiirendab ja aktiveerib naha p\u00e4evitumist ning tagab kauap\u00fcsiva p\u00e4evitustulemuse. Sisaldab makadaamia\u00f5li, Kukui \u00f5li, A- ja E vitamiinide kompleksi, juglone ekstrakti ning beetakarotiini. Dematoloogiliselt testitud.<\/p>\n","protected":false},"featured_media":16322,"comment_status":"closed","ping_status":"closed","template":"","meta":{"_acf_changed":false},"product_brand":[187],"product_cat":[244,262],"product_tag":[],"class_list":{"0":"post-15130","1":"product","2":"type-product","3":"status-publish","4":"has-post-thumbnail","6":"product_brand-eveline-cosmetics","7":"product_cat-kehahooldus","8":"product_cat-kehakreemid","9":"pa_kogus-150-ml","10":"pa_paritolumaa-poola","11":"pa_uhik-ml","13":"first","14":"instock","15":"purchasable","16":"product-type-simple"},"acf":[],"_links":{"self":[{"href":"https:\/\/ursus.ee\/en\/wp-json\/wp\/v2\/product\/15130","targetHints":{"allow":["GET"]}}],"collection":[{"href":"https:\/\/ursus.ee\/en\/wp-json\/wp\/v2\/product"}],"about":[{"href":"https:\/\/ursus.ee\/en\/wp-json\/wp\/v2\/types\/product"}],"replies":[{"embeddable":true,"href":"https:\/\/ursus.ee\/en\/wp-json\/wp\/v2\/comments?post=15130"}],"wp:featuredmedia":[{"embeddable":true,"href":"https:\/\/ursus.ee\/en\/wp-json\/wp\/v2\/media\/16322"}],"wp:attachment":[{"href":"https:\/\/ursus.ee\/en\/wp-json\/wp\/v2\/media?parent=15130"}],"wp:term":[{"taxonomy":"product_brand","embeddable":true,"href":"https:\/\/ursus.ee\/en\/wp-json\/wp\/v2\/product_brand?post=15130"},{"taxonomy":"product_cat","embeddable":true,"href":"https:\/\/ursus.ee\/en\/wp-json\/wp\/v2\/product_cat?post=15130"},{"taxonomy":"product_tag","embeddable":true,"href":"https:\/\/ursus.ee\/en\/wp-json\/wp\/v2\/product_tag?post=15130"}],"curies":[{"name":"wp","href":"https:\/\/api.w.org\/{rel}","templated":true}]}}