{"id":15126,"date":"2026-04-02T14:09:06","date_gmt":"2026-04-02T11:09:06","guid":{"rendered":"https:\/\/ursus.ee\/toode\/paevitusoli-amazing-oils-sugavpruunistav\/"},"modified":"2026-04-02T14:09:06","modified_gmt":"2026-04-02T11:09:06","slug":"paevitusoli-amazing-oils-sugavpruunistav","status":"publish","type":"product","link":"https:\/\/ursus.ee\/en\/toode\/paevitusoli-amazing-oils-sugavpruunistav\/","title":{"rendered":"P\u00e4evitus\u00f5li Amazing Oils s\u00fcgavpruunistav"},"content":{"rendered":"<p>S\u00fcgavpruunistav p\u00e4evitus\u00f5li kiirendab ja aktiveerib naha p\u00e4evitumist, tagab kauap\u00fcsiva p\u00e4evitustulemuse ning annab nahale kauni kuldse jume. P\u00e4evitus\u00f5li toidab ja niisutab nahka ning muudab selle elastseks. Sisaldab p\u00e4hkliekstrakti, beetakatortiini, ja E vitamiini, makadaamia- ka kukui \u00f5li. Dermatoloogiliselt testitud.<\/p>\n","protected":false},"excerpt":{"rendered":"<p>S\u00fcgavpruunistav p\u00e4evitus\u00f5li kiirendab ja aktiveerib naha p\u00e4evitumist, tagab kauap\u00fcsiva p\u00e4evitustulemuse ning annab nahale kauni kuldse jume. P\u00e4evitus\u00f5li toidab ja niisutab nahka ning muudab selle elastseks. Sisaldab p\u00e4hkliekstrakti, beetakatortiini, ja E vitamiini, makadaamia- ka kukui \u00f5li. Dermatoloogiliselt testitud.<\/p>\n","protected":false},"featured_media":16320,"comment_status":"closed","ping_status":"closed","template":"","meta":{"_acf_changed":false},"product_brand":[187],"product_cat":[244,262],"product_tag":[],"class_list":{"0":"post-15126","1":"product","2":"type-product","3":"status-publish","4":"has-post-thumbnail","6":"product_brand-eveline-cosmetics","7":"product_cat-kehahooldus","8":"product_cat-kehakreemid","9":"pa_kogus-150-ml","10":"pa_paritolumaa-poola","11":"pa_uhik-ml","13":"first","14":"instock","15":"purchasable","16":"product-type-simple"},"acf":[],"_links":{"self":[{"href":"https:\/\/ursus.ee\/en\/wp-json\/wp\/v2\/product\/15126","targetHints":{"allow":["GET"]}}],"collection":[{"href":"https:\/\/ursus.ee\/en\/wp-json\/wp\/v2\/product"}],"about":[{"href":"https:\/\/ursus.ee\/en\/wp-json\/wp\/v2\/types\/product"}],"replies":[{"embeddable":true,"href":"https:\/\/ursus.ee\/en\/wp-json\/wp\/v2\/comments?post=15126"}],"wp:featuredmedia":[{"embeddable":true,"href":"https:\/\/ursus.ee\/en\/wp-json\/wp\/v2\/media\/16320"}],"wp:attachment":[{"href":"https:\/\/ursus.ee\/en\/wp-json\/wp\/v2\/media?parent=15126"}],"wp:term":[{"taxonomy":"product_brand","embeddable":true,"href":"https:\/\/ursus.ee\/en\/wp-json\/wp\/v2\/product_brand?post=15126"},{"taxonomy":"product_cat","embeddable":true,"href":"https:\/\/ursus.ee\/en\/wp-json\/wp\/v2\/product_cat?post=15126"},{"taxonomy":"product_tag","embeddable":true,"href":"https:\/\/ursus.ee\/en\/wp-json\/wp\/v2\/product_tag?post=15126"}],"curies":[{"name":"wp","href":"https:\/\/api.w.org\/{rel}","templated":true}]}}