{"id":15124,"date":"2026-04-02T14:09:07","date_gmt":"2026-04-02T11:09:07","guid":{"rendered":"https:\/\/ursus.ee\/toode\/paevituskiirendi-amazing-oils\/"},"modified":"2026-04-02T14:09:07","modified_gmt":"2026-04-02T11:09:07","slug":"paevituskiirendi-amazing-oils","status":"publish","type":"product","link":"https:\/\/ursus.ee\/en\/toode\/paevituskiirendi-amazing-oils\/","title":{"rendered":"P\u00e4evituskiirendi Amazing Oils"},"content":{"rendered":"<p>Kiiresti imenduv p\u00e4evituskiirendi soodustab ja aktiveerib naha p\u00e4evitumist ning tagab kauap\u00fcsiva p\u00e4evitustulemuse. Kreem kiirendab nahas melaniini tekkimist, mis tagab kiire ja loomulikult kauni p\u00e4evitustulemuse. Sisaldab argaania-, makadaamia ja Kukui \u00f5li, h\u00fcaluroonhapet, juglooni- ja ratanjuure ekstrakte, sheav\u00f5id, D-pantenooli, A-, E ja F vitamiinide kompleksi. Dermatoloogiliselt testitud.<\/p>\n","protected":false},"excerpt":{"rendered":"<p>Kiiresti imenduv p\u00e4evituskiirendi soodustab ja aktiveerib naha p\u00e4evitumist ning tagab kauap\u00fcsiva p\u00e4evitustulemuse. Kreem kiirendab nahas melaniini tekkimist, mis tagab kiire ja loomulikult kauni p\u00e4evitustulemuse. Sisaldab argaania-, makadaamia ja Kukui \u00f5li, h\u00fcaluroonhapet, juglooni- ja ratanjuure ekstrakte, sheav\u00f5id, D-pantenooli, A-, E ja F vitamiinide kompleksi. Dermatoloogiliselt testitud.<\/p>\n","protected":false},"featured_media":16318,"comment_status":"closed","ping_status":"closed","template":"","meta":{"_acf_changed":false},"product_brand":[187],"product_cat":[244,262],"product_tag":[],"class_list":{"0":"post-15124","1":"product","2":"type-product","3":"status-publish","4":"has-post-thumbnail","6":"product_brand-eveline-cosmetics","7":"product_cat-kehahooldus","8":"product_cat-kehakreemid","9":"pa_kogus-150-ml","10":"pa_paritolumaa-poola","11":"pa_uhik-ml","13":"first","14":"instock","15":"purchasable","16":"product-type-simple"},"acf":[],"_links":{"self":[{"href":"https:\/\/ursus.ee\/en\/wp-json\/wp\/v2\/product\/15124","targetHints":{"allow":["GET"]}}],"collection":[{"href":"https:\/\/ursus.ee\/en\/wp-json\/wp\/v2\/product"}],"about":[{"href":"https:\/\/ursus.ee\/en\/wp-json\/wp\/v2\/types\/product"}],"replies":[{"embeddable":true,"href":"https:\/\/ursus.ee\/en\/wp-json\/wp\/v2\/comments?post=15124"}],"wp:featuredmedia":[{"embeddable":true,"href":"https:\/\/ursus.ee\/en\/wp-json\/wp\/v2\/media\/16318"}],"wp:attachment":[{"href":"https:\/\/ursus.ee\/en\/wp-json\/wp\/v2\/media?parent=15124"}],"wp:term":[{"taxonomy":"product_brand","embeddable":true,"href":"https:\/\/ursus.ee\/en\/wp-json\/wp\/v2\/product_brand?post=15124"},{"taxonomy":"product_cat","embeddable":true,"href":"https:\/\/ursus.ee\/en\/wp-json\/wp\/v2\/product_cat?post=15124"},{"taxonomy":"product_tag","embeddable":true,"href":"https:\/\/ursus.ee\/en\/wp-json\/wp\/v2\/product_tag?post=15124"}],"curies":[{"name":"wp","href":"https:\/\/api.w.org\/{rel}","templated":true}]}}