{"id":15121,"date":"2026-03-23T17:18:37","date_gmt":"2026-03-23T15:18:37","guid":{"rendered":"https:\/\/ursus.ee\/toode\/glicerini-kitsepiimaga-kate-ja-kuuntekreem\/"},"modified":"2026-03-27T16:24:26","modified_gmt":"2026-03-27T14:24:26","slug":"glicerini-kitsepiimaga-kate-ja-kuuntekreem","status":"publish","type":"product","link":"https:\/\/ursus.ee\/en\/toode\/glicerini-kitsepiimaga-kate-ja-kuuntekreem\/","title":{"rendered":"Glicerini kitsepiimaga k\u00e4te- ja k\u00fc\u00fcntekreem"},"content":{"rendered":"<p>Gl\u00fctseriini sisaldav kreemmask niisutab, toidab s\u00fcgavuti, soodustab naha uuenemist ja s\u00e4ilitab naha nooruslikku v\u00e4limust. Kreem aitab kahjustatud ja kuiva naha muuta siledaks ja pehmeks. Karite v\u00f5i niisutab s\u00fcgavalt ja muudab naha pehmeks. Gl\u00fctseriin hoiab k\u00e4ed niisutatuna 48 tunni v\u00e4ltel. Nisuidu\u00f5li leevendab kuivustunnet, pehmendab nahka ja ennetab l\u00f5henemist. Kreem sisaldab kollageeni, elastiini, D-panthenooli ja allantoiini.<\/p>\n","protected":false},"excerpt":{"rendered":"<p>Gl\u00fctseriini sisaldav kreemmask niisutab, toidab s\u00fcgavuti, soodustab naha uuenemist ja s\u00e4ilitab naha nooruslikku v\u00e4limust. Kreem aitab kahjustatud ja kuiva naha muuta siledaks ja pehmeks. Karite v\u00f5i niisutab s\u00fcgavalt ja muudab naha pehmeks. Gl\u00fctseriin hoiab k\u00e4ed niisutatuna 48 tunni v\u00e4ltel. Nisuidu\u00f5li leevendab kuivustunnet, pehmendab nahka ja ennetab l\u00f5henemist. Kreem sisaldab kollageeni, elastiini, D-panthenooli ja allantoiini.<\/p>\n","protected":false},"featured_media":16059,"comment_status":"closed","ping_status":"closed","template":"","meta":{"_acf_changed":false},"product_brand":[187],"product_cat":[244,507],"product_tag":[],"class_list":{"0":"post-15121","1":"product","2":"type-product","3":"status-publish","4":"has-post-thumbnail","6":"product_brand-eveline-cosmetics","7":"product_cat-kehahooldus","8":"product_cat-kate-ja-jalahooldus","9":"pa_kogus-100-ml","10":"pa_paritolumaa-poola","11":"pa_uhik-ml","13":"first","14":"instock","15":"purchasable","16":"product-type-simple"},"acf":[],"_links":{"self":[{"href":"https:\/\/ursus.ee\/en\/wp-json\/wp\/v2\/product\/15121","targetHints":{"allow":["GET"]}}],"collection":[{"href":"https:\/\/ursus.ee\/en\/wp-json\/wp\/v2\/product"}],"about":[{"href":"https:\/\/ursus.ee\/en\/wp-json\/wp\/v2\/types\/product"}],"replies":[{"embeddable":true,"href":"https:\/\/ursus.ee\/en\/wp-json\/wp\/v2\/comments?post=15121"}],"wp:featuredmedia":[{"embeddable":true,"href":"https:\/\/ursus.ee\/en\/wp-json\/wp\/v2\/media\/16059"}],"wp:attachment":[{"href":"https:\/\/ursus.ee\/en\/wp-json\/wp\/v2\/media?parent=15121"}],"wp:term":[{"taxonomy":"product_brand","embeddable":true,"href":"https:\/\/ursus.ee\/en\/wp-json\/wp\/v2\/product_brand?post=15121"},{"taxonomy":"product_cat","embeddable":true,"href":"https:\/\/ursus.ee\/en\/wp-json\/wp\/v2\/product_cat?post=15121"},{"taxonomy":"product_tag","embeddable":true,"href":"https:\/\/ursus.ee\/en\/wp-json\/wp\/v2\/product_tag?post=15121"}],"curies":[{"name":"wp","href":"https:\/\/api.w.org\/{rel}","templated":true}]}}