{"id":15116,"date":"2026-04-02T14:09:07","date_gmt":"2026-04-02T11:09:07","guid":{"rendered":"https:\/\/ursus.ee\/toode\/just-epil-depileerimiskreem-tundlikule-nahale\/"},"modified":"2026-04-02T14:09:07","modified_gmt":"2026-04-02T11:09:07","slug":"just-epil-depileerimiskreem-tundlikule-nahale","status":"publish","type":"product","link":"https:\/\/ursus.ee\/en\/toode\/just-epil-depileerimiskreem-tundlikule-nahale\/","title":{"rendered":"Just Epil! Depileerimiskreem tundlikule nahale"},"content":{"rendered":"<p>Aloe Vera ja siidiproteiiniga depileerimiskreem eemaldab jalgade, k\u00e4te, n\u00e4o, kaenlaaluste ja bikiinipiirkonna karvad \u00f5rnalt ja efektiivselt, ilma nahka \u00e4rritamata. Kreem j\u00e4tab naha pehmeks, siledaks ja niisutatuks ning aeglustab karvakasvu. Dermatoloogiliselt testitud.<\/p>\n","protected":false},"excerpt":{"rendered":"<p>Aloe Vera ja siidiproteiiniga depileerimiskreem eemaldab jalgade, k\u00e4te, n\u00e4o, kaenlaaluste ja bikiinipiirkonna karvad \u00f5rnalt ja efektiivselt, ilma nahka \u00e4rritamata. Kreem j\u00e4tab naha pehmeks, siledaks ja niisutatuks ning aeglustab karvakasvu. Dermatoloogiliselt testitud.<\/p>\n","protected":false},"featured_media":16311,"comment_status":"closed","ping_status":"closed","template":"","meta":{"_acf_changed":false},"product_brand":[187],"product_cat":[244,262],"product_tag":[],"class_list":{"0":"post-15116","1":"product","2":"type-product","3":"status-publish","4":"has-post-thumbnail","6":"product_brand-eveline-cosmetics","7":"product_cat-kehahooldus","8":"product_cat-kehakreemid","9":"pa_kogus-125-ml","10":"pa_paritolumaa-poola","11":"pa_uhik-ml","13":"first","14":"instock","15":"purchasable","16":"product-type-simple"},"acf":[],"_links":{"self":[{"href":"https:\/\/ursus.ee\/en\/wp-json\/wp\/v2\/product\/15116","targetHints":{"allow":["GET"]}}],"collection":[{"href":"https:\/\/ursus.ee\/en\/wp-json\/wp\/v2\/product"}],"about":[{"href":"https:\/\/ursus.ee\/en\/wp-json\/wp\/v2\/types\/product"}],"replies":[{"embeddable":true,"href":"https:\/\/ursus.ee\/en\/wp-json\/wp\/v2\/comments?post=15116"}],"wp:featuredmedia":[{"embeddable":true,"href":"https:\/\/ursus.ee\/en\/wp-json\/wp\/v2\/media\/16311"}],"wp:attachment":[{"href":"https:\/\/ursus.ee\/en\/wp-json\/wp\/v2\/media?parent=15116"}],"wp:term":[{"taxonomy":"product_brand","embeddable":true,"href":"https:\/\/ursus.ee\/en\/wp-json\/wp\/v2\/product_brand?post=15116"},{"taxonomy":"product_cat","embeddable":true,"href":"https:\/\/ursus.ee\/en\/wp-json\/wp\/v2\/product_cat?post=15116"},{"taxonomy":"product_tag","embeddable":true,"href":"https:\/\/ursus.ee\/en\/wp-json\/wp\/v2\/product_tag?post=15116"}],"curies":[{"name":"wp","href":"https:\/\/api.w.org\/{rel}","templated":true}]}}