{"id":15112,"date":"2026-04-02T12:36:55","date_gmt":"2026-04-02T09:36:55","guid":{"rendered":"https:\/\/ursus.ee\/toode\/clean-your-skin-puhastav-ja-matistav-toonik\/"},"modified":"2026-04-02T12:36:55","modified_gmt":"2026-04-02T09:36:55","slug":"clean-your-skin-puhastav-ja-matistav-toonik","status":"publish","type":"product","link":"https:\/\/ursus.ee\/en\/toode\/clean-your-skin-puhastav-ja-matistav-toonik\/","title":{"rendered":"Clean Your Skin puhastav ja matistav toonik"},"content":{"rendered":"<p>M\u00f5eldud igap\u00e4evaseks hooldamiseks probleemsele nahale. Taastab naha normaalse pH-taseme, liigselt nahka kuivatamata, puhastab naha t\u00f5husalt ja eemaldab make-up j\u00e4\u00e4gid. Toonik sisaldab teepuu\u00f5li, mis omab antibakteriaalset toimet, leevendab \u00e4rrituse s\u00fcmptomeid ja taastab naha normaalse tasakaalu. Aloe vera ekstrakt ja panthenool aktiivselt taastavad, rahustavad ja s\u00fcgavalt niisutavad nahka. Niatsiinamiid (B3 vitaminiin) aitab v\u00e4hendada poore, \u00fchtlustab nahatooni ja kaitseb nahka keskkonna kahjustuste eest. Lisaks aitab v\u00e4hendada naha niiskuse kadu. Mandelhape rahustab ja pehmendab nahka, aktiveerib rakkude taastusprotsessi, reguleerib vee ja lipiidide tasakaalu.<\/p>\n","protected":false},"excerpt":{"rendered":"<p>M\u00f5eldud igap\u00e4evaseks hooldamiseks probleemsele nahale. Taastab naha normaalse pH-taseme, liigselt nahka kuivatamata, puhastab naha t\u00f5husalt ja eemaldab make-up j\u00e4\u00e4gid. Toonik sisaldab teepuu\u00f5li, mis omab antibakteriaalset toimet, leevendab \u00e4rrituse s\u00fcmptomeid ja taastab naha normaalse tasakaalu. Aloe vera ekstrakt ja panthenool aktiivselt taastavad, rahustavad ja s\u00fcgavalt niisutavad nahka. Niatsiinamiid (B3 vitaminiin) aitab v\u00e4hendada poore, \u00fchtlustab nahatooni ja<\/p>\n","protected":false},"featured_media":16298,"comment_status":"closed","ping_status":"closed","template":"","meta":{"_acf_changed":false},"product_brand":[187],"product_cat":[188,189],"product_tag":[],"class_list":{"0":"post-15112","1":"product","2":"type-product","3":"status-publish","4":"has-post-thumbnail","6":"product_brand-eveline-cosmetics","7":"product_cat-naohooldus","8":"product_cat-naopuhastus","9":"pa_kogus-225-ml","10":"pa_paritolumaa-poola","11":"pa_uhik-ml","13":"first","14":"instock","15":"purchasable","16":"product-type-simple"},"acf":[],"_links":{"self":[{"href":"https:\/\/ursus.ee\/en\/wp-json\/wp\/v2\/product\/15112","targetHints":{"allow":["GET"]}}],"collection":[{"href":"https:\/\/ursus.ee\/en\/wp-json\/wp\/v2\/product"}],"about":[{"href":"https:\/\/ursus.ee\/en\/wp-json\/wp\/v2\/types\/product"}],"replies":[{"embeddable":true,"href":"https:\/\/ursus.ee\/en\/wp-json\/wp\/v2\/comments?post=15112"}],"wp:featuredmedia":[{"embeddable":true,"href":"https:\/\/ursus.ee\/en\/wp-json\/wp\/v2\/media\/16298"}],"wp:attachment":[{"href":"https:\/\/ursus.ee\/en\/wp-json\/wp\/v2\/media?parent=15112"}],"wp:term":[{"taxonomy":"product_brand","embeddable":true,"href":"https:\/\/ursus.ee\/en\/wp-json\/wp\/v2\/product_brand?post=15112"},{"taxonomy":"product_cat","embeddable":true,"href":"https:\/\/ursus.ee\/en\/wp-json\/wp\/v2\/product_cat?post=15112"},{"taxonomy":"product_tag","embeddable":true,"href":"https:\/\/ursus.ee\/en\/wp-json\/wp\/v2\/product_tag?post=15112"}],"curies":[{"name":"wp","href":"https:\/\/api.w.org\/{rel}","templated":true}]}}