{"id":15110,"date":"2026-04-02T12:36:55","date_gmt":"2026-04-02T09:36:55","guid":{"rendered":"https:\/\/ursus.ee\/toode\/clean-your-skin-3in1-koorija-mask-geel\/"},"modified":"2026-04-02T12:36:55","modified_gmt":"2026-04-02T09:36:55","slug":"clean-your-skin-3in1-koorija-mask-geel","status":"publish","type":"product","link":"https:\/\/ursus.ee\/en\/toode\/clean-your-skin-3in1-koorija-mask-geel\/","title":{"rendered":"Clean Your Skin 3in1 koorija, mask, geel"},"content":{"rendered":"<p>T\u00e4iuslikult puhastab ja hoolitseb probleemse naha eest. Unikaalne mitmetoimeline koostis reguleerib efektiivselt rasu tootmist, niisutab ja puhastab poorid, samal ajal rahustades ja niisutades nahka s\u00fcgavuti. Ei kuivata nahka, ei p\u00f5hjusta ebamugavust ega \u00e4rritust. Teepuu\u00f5li omab antibakteriaalset toimet, leevendab \u00e4rrituse s\u00fcmptomeid ja taastab naha loomuliku tasakaalu. Mikroelementidega rikastatud Kaolin valge savi puhastab nahka s\u00fcgavuti, reguleerib rasu teket ja matistab. Aloe vera ekstrakt niisutab ja rahustab nahka s\u00fcgavuti.<\/p>\n","protected":false},"excerpt":{"rendered":"<p>T\u00e4iuslikult puhastab ja hoolitseb probleemse naha eest. Unikaalne mitmetoimeline koostis reguleerib efektiivselt rasu tootmist, niisutab ja puhastab poorid, samal ajal rahustades ja niisutades nahka s\u00fcgavuti. Ei kuivata nahka, ei p\u00f5hjusta ebamugavust ega \u00e4rritust. Teepuu\u00f5li omab antibakteriaalset toimet, leevendab \u00e4rrituse s\u00fcmptomeid ja taastab naha loomuliku tasakaalu. Mikroelementidega rikastatud Kaolin valge savi puhastab nahka s\u00fcgavuti, reguleerib rasu<\/p>\n","protected":false},"featured_media":16296,"comment_status":"closed","ping_status":"closed","template":"","meta":{"_acf_changed":false},"product_brand":[187],"product_cat":[188,189],"product_tag":[],"class_list":{"0":"post-15110","1":"product","2":"type-product","3":"status-publish","4":"has-post-thumbnail","6":"product_brand-eveline-cosmetics","7":"product_cat-naohooldus","8":"product_cat-naopuhastus","9":"pa_kogus-200-ml","10":"pa_paritolumaa-poola","11":"pa_uhik-ml","13":"first","14":"instock","15":"purchasable","16":"product-type-simple"},"acf":[],"_links":{"self":[{"href":"https:\/\/ursus.ee\/en\/wp-json\/wp\/v2\/product\/15110","targetHints":{"allow":["GET"]}}],"collection":[{"href":"https:\/\/ursus.ee\/en\/wp-json\/wp\/v2\/product"}],"about":[{"href":"https:\/\/ursus.ee\/en\/wp-json\/wp\/v2\/types\/product"}],"replies":[{"embeddable":true,"href":"https:\/\/ursus.ee\/en\/wp-json\/wp\/v2\/comments?post=15110"}],"wp:featuredmedia":[{"embeddable":true,"href":"https:\/\/ursus.ee\/en\/wp-json\/wp\/v2\/media\/16296"}],"wp:attachment":[{"href":"https:\/\/ursus.ee\/en\/wp-json\/wp\/v2\/media?parent=15110"}],"wp:term":[{"taxonomy":"product_brand","embeddable":true,"href":"https:\/\/ursus.ee\/en\/wp-json\/wp\/v2\/product_brand?post=15110"},{"taxonomy":"product_cat","embeddable":true,"href":"https:\/\/ursus.ee\/en\/wp-json\/wp\/v2\/product_cat?post=15110"},{"taxonomy":"product_tag","embeddable":true,"href":"https:\/\/ursus.ee\/en\/wp-json\/wp\/v2\/product_tag?post=15110"}],"curies":[{"name":"wp","href":"https:\/\/api.w.org\/{rel}","templated":true}]}}