{"id":15107,"date":"2026-04-02T12:36:55","date_gmt":"2026-04-02T09:36:55","guid":{"rendered":"https:\/\/ursus.ee\/toode\/organic-aloecollagen-puhastav-mitsellaarvesi\/"},"modified":"2026-04-02T12:36:55","modified_gmt":"2026-04-02T09:36:55","slug":"organic-aloecollagen-puhastav-mitsellaarvesi","status":"publish","type":"product","link":"https:\/\/ursus.ee\/en\/toode\/organic-aloecollagen-puhastav-mitsellaarvesi\/","title":{"rendered":"Organic Aloe+Collagen puhastav mitsellaarvesi"},"content":{"rendered":"<p>Mitsellaarvesi puhastab naha \u00f5rnalt, eemaldab ebapuhtuse ja toksiinid, taastab loomuliku pH taseme ning v\u00e4rskendab ja niisutab. Sobib ka veekindla jumestuse eemaldamiseks. T\u00e4nu \u00fclikergele koostistele aitab mitsellaarvesi t\u00f5husalt nahka niisutada, taastades seel\u00e4bi kauni jume ja naha loomuliku s\u00e4ra.<\/p>\n","protected":false},"excerpt":{"rendered":"<p>Mitsellaarvesi puhastab naha \u00f5rnalt, eemaldab ebapuhtuse ja toksiinid, taastab loomuliku pH taseme ning v\u00e4rskendab ja niisutab. Sobib ka veekindla jumestuse eemaldamiseks. T\u00e4nu \u00fclikergele koostistele aitab mitsellaarvesi t\u00f5husalt nahka niisutada, taastades seel\u00e4bi kauni jume ja naha loomuliku s\u00e4ra.<\/p>\n","protected":false},"featured_media":16300,"comment_status":"closed","ping_status":"closed","template":"","meta":{"_acf_changed":false},"product_brand":[187],"product_cat":[188,189],"product_tag":[],"class_list":{"0":"post-15107","1":"product","2":"type-product","3":"status-publish","4":"has-post-thumbnail","6":"product_brand-eveline-cosmetics","7":"product_cat-naohooldus","8":"product_cat-naopuhastus","9":"pa_kogus-500-ml","10":"pa_koostis-aqua-water-peg-6-caprylic-capric-glyceridespropanediolaloe-barbadensis-leaf-juice-cocos-nucifera-water-centella-asiatica-leaf-extractacacia-seyal-gum-extractpolymnia-sonchifolia-root-juice","11":"pa_paritolumaa-poola","12":"pa_uhik-ml","14":"first","15":"instock","16":"purchasable","17":"product-type-simple"},"acf":[],"_links":{"self":[{"href":"https:\/\/ursus.ee\/en\/wp-json\/wp\/v2\/product\/15107","targetHints":{"allow":["GET"]}}],"collection":[{"href":"https:\/\/ursus.ee\/en\/wp-json\/wp\/v2\/product"}],"about":[{"href":"https:\/\/ursus.ee\/en\/wp-json\/wp\/v2\/types\/product"}],"replies":[{"embeddable":true,"href":"https:\/\/ursus.ee\/en\/wp-json\/wp\/v2\/comments?post=15107"}],"wp:featuredmedia":[{"embeddable":true,"href":"https:\/\/ursus.ee\/en\/wp-json\/wp\/v2\/media\/16300"}],"wp:attachment":[{"href":"https:\/\/ursus.ee\/en\/wp-json\/wp\/v2\/media?parent=15107"}],"wp:term":[{"taxonomy":"product_brand","embeddable":true,"href":"https:\/\/ursus.ee\/en\/wp-json\/wp\/v2\/product_brand?post=15107"},{"taxonomy":"product_cat","embeddable":true,"href":"https:\/\/ursus.ee\/en\/wp-json\/wp\/v2\/product_cat?post=15107"},{"taxonomy":"product_tag","embeddable":true,"href":"https:\/\/ursus.ee\/en\/wp-json\/wp\/v2\/product_tag?post=15107"}],"curies":[{"name":"wp","href":"https:\/\/api.w.org\/{rel}","templated":true}]}}