{"id":15105,"date":"2026-04-02T12:40:01","date_gmt":"2026-04-02T09:40:01","guid":{"rendered":"https:\/\/ursus.ee\/toode\/organic-aloecollagen-silmamask-kortsudele-ja-kanavarvastele\/"},"modified":"2026-04-02T12:40:01","modified_gmt":"2026-04-02T09:40:01","slug":"organic-aloecollagen-silmamask-kortsudele-ja-kanavarvastele","status":"publish","type":"product","link":"https:\/\/ursus.ee\/en\/toode\/organic-aloecollagen-silmamask-kortsudele-ja-kanavarvastele\/","title":{"rendered":"Organic Aloe+Collagen silmamask kortsudele ja kanavarvastele"},"content":{"rendered":"<p>100% orgaanilise Aloe Vera ja taimse kollageenil p\u00f5hineva valemiga mask toidab, niisutab ja pinguldab ideaalselt silmaalust nahka, v\u00e4hendades silmn\u00e4htavalt kortsude n\u00e4htavust. Regulaarne pealekandmine tagab pikaajaliselt sileda ja l\u00f5dvestunud naha.<\/p>\n","protected":false},"excerpt":{"rendered":"<p>100% orgaanilise Aloe Vera ja taimse kollageenil p\u00f5hineva valemiga mask toidab, niisutab ja pinguldab ideaalselt silmaalust nahka, v\u00e4hendades silmn\u00e4htavalt kortsude n\u00e4htavust. Regulaarne pealekandmine tagab pikaajaliselt sileda ja l\u00f5dvestunud naha.<\/p>\n","protected":false},"featured_media":16302,"comment_status":"closed","ping_status":"closed","template":"","meta":{"_acf_changed":false},"product_brand":[187],"product_cat":[188,200],"product_tag":[],"class_list":{"0":"post-15105","1":"product","2":"type-product","3":"status-publish","4":"has-post-thumbnail","6":"product_brand-eveline-cosmetics","7":"product_cat-naohooldus","8":"product_cat-silmakreemid","9":"pa_kogus-20-ml","10":"pa_koostis-aqua-water-glycerin-caffeine-aloe-barbadensis-leaf-juice-fraxinus-excelsior-bark-extract-acacia-seyal-gum-extract-pullulan-sodium-hyaluronate-alpha-glucan-oligosaccharide-polymnia-sonchi","11":"pa_paritolumaa-poola","12":"pa_uhik-ml","14":"first","15":"instock","16":"purchasable","17":"product-type-simple"},"acf":[],"_links":{"self":[{"href":"https:\/\/ursus.ee\/en\/wp-json\/wp\/v2\/product\/15105","targetHints":{"allow":["GET"]}}],"collection":[{"href":"https:\/\/ursus.ee\/en\/wp-json\/wp\/v2\/product"}],"about":[{"href":"https:\/\/ursus.ee\/en\/wp-json\/wp\/v2\/types\/product"}],"replies":[{"embeddable":true,"href":"https:\/\/ursus.ee\/en\/wp-json\/wp\/v2\/comments?post=15105"}],"wp:featuredmedia":[{"embeddable":true,"href":"https:\/\/ursus.ee\/en\/wp-json\/wp\/v2\/media\/16302"}],"wp:attachment":[{"href":"https:\/\/ursus.ee\/en\/wp-json\/wp\/v2\/media?parent=15105"}],"wp:term":[{"taxonomy":"product_brand","embeddable":true,"href":"https:\/\/ursus.ee\/en\/wp-json\/wp\/v2\/product_brand?post=15105"},{"taxonomy":"product_cat","embeddable":true,"href":"https:\/\/ursus.ee\/en\/wp-json\/wp\/v2\/product_cat?post=15105"},{"taxonomy":"product_tag","embeddable":true,"href":"https:\/\/ursus.ee\/en\/wp-json\/wp\/v2\/product_tag?post=15105"}],"curies":[{"name":"wp","href":"https:\/\/api.w.org\/{rel}","templated":true}]}}