{"id":15103,"date":"2026-04-02T12:40:01","date_gmt":"2026-04-02T09:40:01","guid":{"rendered":"https:\/\/ursus.ee\/toode\/organic-aloecollagen-silmamask-tursetele-ja-tumedatele-silmaalustele\/"},"modified":"2026-04-02T12:40:01","modified_gmt":"2026-04-02T09:40:01","slug":"organic-aloecollagen-silmamask-tursetele-ja-tumedatele-silmaalustele","status":"publish","type":"product","link":"https:\/\/ursus.ee\/en\/toode\/organic-aloecollagen-silmamask-tursetele-ja-tumedatele-silmaalustele\/","title":{"rendered":"Organic Aloe+Collagen silmamask tursetele ja tumedatele silmaalustele"},"content":{"rendered":"<p>Aitab leevendada turseid ja tumedaid silmaaluseid t\u00e4nu valemile, mis p\u00f5hineb 100% orgaanilise Aloe Vera ja taimse kollageeni toimel. Silmamask annab v\u00e4rskuse ja taastab loomuliku nahatooni, eemaldab tursed, rahustab ja niisutab \u00f5rna silma\u00fcmbruse nahka. Regulaarne pealekandmine leevendab kroonilise v\u00e4simuse s\u00fcmptomeid, lisab energiat ja s\u00e4ra.<\/p>\n","protected":false},"excerpt":{"rendered":"<p>Aitab leevendada turseid ja tumedaid silmaaluseid t\u00e4nu valemile, mis p\u00f5hineb 100% orgaanilise Aloe Vera ja taimse kollageeni toimel. Silmamask annab v\u00e4rskuse ja taastab loomuliku nahatooni, eemaldab tursed, rahustab ja niisutab \u00f5rna silma\u00fcmbruse nahka. Regulaarne pealekandmine leevendab kroonilise v\u00e4simuse s\u00fcmptomeid, lisab energiat ja s\u00e4ra.<\/p>\n","protected":false},"featured_media":16304,"comment_status":"closed","ping_status":"closed","template":"","meta":{"_acf_changed":false},"product_brand":[187],"product_cat":[188,200],"product_tag":[],"class_list":{"0":"post-15103","1":"product","2":"type-product","3":"status-publish","4":"has-post-thumbnail","6":"product_brand-eveline-cosmetics","7":"product_cat-naohooldus","8":"product_cat-silmakreemid","9":"pa_kogus-20-ml","10":"pa_koostis-aqua-water-glycerin-peg-40-hydrogenated-castor-oil-caffeine-aloe-barbadensis-leaf-juice-chenopodium-quinoa-seed-extract-fraxinus-excelsior-bark-extract-spirulina-maxima-extract-acacia-seyal","11":"pa_paritolumaa-poola","12":"pa_uhik-ml","14":"first","15":"instock","16":"purchasable","17":"product-type-simple"},"acf":[],"_links":{"self":[{"href":"https:\/\/ursus.ee\/en\/wp-json\/wp\/v2\/product\/15103","targetHints":{"allow":["GET"]}}],"collection":[{"href":"https:\/\/ursus.ee\/en\/wp-json\/wp\/v2\/product"}],"about":[{"href":"https:\/\/ursus.ee\/en\/wp-json\/wp\/v2\/types\/product"}],"replies":[{"embeddable":true,"href":"https:\/\/ursus.ee\/en\/wp-json\/wp\/v2\/comments?post=15103"}],"wp:featuredmedia":[{"embeddable":true,"href":"https:\/\/ursus.ee\/en\/wp-json\/wp\/v2\/media\/16304"}],"wp:attachment":[{"href":"https:\/\/ursus.ee\/en\/wp-json\/wp\/v2\/media?parent=15103"}],"wp:term":[{"taxonomy":"product_brand","embeddable":true,"href":"https:\/\/ursus.ee\/en\/wp-json\/wp\/v2\/product_brand?post=15103"},{"taxonomy":"product_cat","embeddable":true,"href":"https:\/\/ursus.ee\/en\/wp-json\/wp\/v2\/product_cat?post=15103"},{"taxonomy":"product_tag","embeddable":true,"href":"https:\/\/ursus.ee\/en\/wp-json\/wp\/v2\/product_tag?post=15103"}],"curies":[{"name":"wp","href":"https:\/\/api.w.org\/{rel}","templated":true}]}}