{"id":15032,"date":"2026-03-23T17:15:06","date_gmt":"2026-03-23T15:15:06","guid":{"rendered":"https:\/\/ursus.ee\/toode\/grilli-suutevedelik\/"},"modified":"2026-03-25T13:49:40","modified_gmt":"2026-03-25T11:49:40","slug":"grilli-suutevedelik","status":"publish","type":"product","link":"https:\/\/ursus.ee\/en\/toode\/grilli-suutevedelik\/","title":{"rendered":"Grilli s\u00fc\u00fctevedelik"},"content":{"rendered":"<p>L\u00f5kke v\u00f5i grilli s\u00fc\u00fctamine on v\u00e4ga lihtne Farmlight\u00ae s\u00fc\u00fctevedeliku abil. S\u00fc\u00fctevedelik tuleks lasta natukene imbuda ennem tule v\u00f5i grilli s\u00fc\u00fctamist. Farmlight s\u00fc\u00fctevedelik on puhas ja ei sisalda l\u00f5hnaained ning ei p\u00f5hjusta plahvatust. Toode on testitud. Sobilik kasutamises v\u00e4listingimustes. Toode on v\u00e4rvusetu ja ei ole l\u00f5hnastatud. Farmlight tooted on tuleohtlikud v\u00f5i valmistatud tuleohtlikest ainetest. Sellest tulenevalt v\u00f5tab tootja ohutust v\u00e4ga t\u00f5siselt. ISO 8317-2003 sertifitseeritud lapsekindel turvakork ning toodete h\u00e4sti l\u00e4bim\u00f5eldud pakendid on head n\u00e4ited sellest, kuid tootja teeb k\u00f5ik v\u00f5imaliku tootmisprotsessi jooksul, et tagada ohutus kasutajatele.<\/p>\n","protected":false},"excerpt":{"rendered":"<p>L\u00f5kke v\u00f5i grilli s\u00fc\u00fctamine on v\u00e4ga lihtne Farmlight\u00ae s\u00fc\u00fctevedeliku abil. S\u00fc\u00fctevedelik tuleks lasta natukene imbuda ennem tule v\u00f5i grilli s\u00fc\u00fctamist. Farmlight s\u00fc\u00fctevedelik on puhas ja ei sisalda l\u00f5hnaained ning ei p\u00f5hjusta plahvatust. Toode on testitud. Sobilik kasutamises v\u00e4listingimustes. Toode on v\u00e4rvusetu ja ei ole l\u00f5hnastatud. Farmlight tooted on tuleohtlikud v\u00f5i valmistatud tuleohtlikest ainetest. Sellest tulenevalt<\/p>\n","protected":false},"featured_media":15891,"comment_status":"closed","ping_status":"closed","template":"","meta":{"_acf_changed":false},"product_brand":[642],"product_cat":[512,437],"product_tag":[],"class_list":{"0":"post-15032","1":"product","2":"type-product","3":"status-publish","4":"has-post-thumbnail","6":"product_brand-farmlight","7":"product_cat-majapidamistarbed","8":"product_cat-grillimistarvikud","9":"pa_kogus-1-l","10":"pa_paritolumaa-holland","11":"pa_uhik-l","13":"first","14":"instock","15":"purchasable","16":"product-type-simple"},"acf":[],"_links":{"self":[{"href":"https:\/\/ursus.ee\/en\/wp-json\/wp\/v2\/product\/15032","targetHints":{"allow":["GET"]}}],"collection":[{"href":"https:\/\/ursus.ee\/en\/wp-json\/wp\/v2\/product"}],"about":[{"href":"https:\/\/ursus.ee\/en\/wp-json\/wp\/v2\/types\/product"}],"replies":[{"embeddable":true,"href":"https:\/\/ursus.ee\/en\/wp-json\/wp\/v2\/comments?post=15032"}],"wp:featuredmedia":[{"embeddable":true,"href":"https:\/\/ursus.ee\/en\/wp-json\/wp\/v2\/media\/15891"}],"wp:attachment":[{"href":"https:\/\/ursus.ee\/en\/wp-json\/wp\/v2\/media?parent=15032"}],"wp:term":[{"taxonomy":"product_brand","embeddable":true,"href":"https:\/\/ursus.ee\/en\/wp-json\/wp\/v2\/product_brand?post=15032"},{"taxonomy":"product_cat","embeddable":true,"href":"https:\/\/ursus.ee\/en\/wp-json\/wp\/v2\/product_cat?post=15032"},{"taxonomy":"product_tag","embeddable":true,"href":"https:\/\/ursus.ee\/en\/wp-json\/wp\/v2\/product_tag?post=15032"}],"curies":[{"name":"wp","href":"https:\/\/api.w.org\/{rel}","templated":true}]}}