{"id":15028,"date":"2026-03-23T17:15:06","date_gmt":"2026-03-23T15:15:06","guid":{"rendered":"https:\/\/ursus.ee\/toode\/bioetanool-kaminatele\/"},"modified":"2026-03-25T13:41:57","modified_gmt":"2026-03-25T11:41:57","slug":"bioetanool-kaminatele","status":"publish","type":"product","link":"https:\/\/ursus.ee\/en\/toode\/bioetanool-kaminatele\/","title":{"rendered":"Bioetanool kaminatele"},"content":{"rendered":"<p>Farmlight\u00ae bioetanool on keskkonnas\u00f5bralik lahendus ja alternatiiv fossiilk\u00fctustele. See on spetsiaalselt v\u00e4lja t\u00f6\u00f6tatud kasutamiseks bioetanooli p\u00f5letamiseks sobivates dekoratiivkaminates. Kasutamiseks sobilik nii sise- kui v\u00e4listingimustes. V\u00e4rvusetu. Ei ole l\u00f5hnastatud. Koostis etanool (bio alkohol). Farmlight tooted on tuleohtlikud v\u00f5i valmistatud tuleohtlikest ainetest. Sellest tulenevalt v\u00f5tab tootja ohutust v\u00e4ga t\u00f5siselt. ISO 8317-2003 sertifitseeritud lapsekindel turvakork ning toodete h\u00e4sti l\u00e4bim\u00f5eldud pakendid on head n\u00e4ited sellest, kuid tootja teeb k\u00f5ik v\u00f5imaliku tootmisprotsessi jooksul, et tagada ohutus kasutajatele.<\/p>\n","protected":false},"excerpt":{"rendered":"<p>Farmlight\u00ae bioetanool on keskkonnas\u00f5bralik lahendus ja alternatiiv fossiilk\u00fctustele. See on spetsiaalselt v\u00e4lja t\u00f6\u00f6tatud kasutamiseks bioetanooli p\u00f5letamiseks sobivates dekoratiivkaminates. Kasutamiseks sobilik nii sise- kui v\u00e4listingimustes. V\u00e4rvusetu. Ei ole l\u00f5hnastatud. Koostis etanool (bio alkohol). Farmlight tooted on tuleohtlikud v\u00f5i valmistatud tuleohtlikest ainetest. Sellest tulenevalt v\u00f5tab tootja ohutust v\u00e4ga t\u00f5siselt. ISO 8317-2003 sertifitseeritud lapsekindel turvakork ning toodete h\u00e4sti<\/p>\n","protected":false},"featured_media":15884,"comment_status":"closed","ping_status":"closed","template":"","meta":{"_acf_changed":false},"product_brand":[642],"product_cat":[512,437],"product_tag":[],"class_list":{"0":"post-15028","1":"product","2":"type-product","3":"status-publish","4":"has-post-thumbnail","6":"product_brand-farmlight","7":"product_cat-majapidamistarbed","8":"product_cat-grillimistarvikud","9":"pa_kogus-1-l","10":"pa_koostis-etanool","11":"pa_paritolumaa-holland","12":"pa_uhik-l","14":"first","15":"instock","16":"purchasable","17":"product-type-simple"},"acf":[],"_links":{"self":[{"href":"https:\/\/ursus.ee\/en\/wp-json\/wp\/v2\/product\/15028","targetHints":{"allow":["GET"]}}],"collection":[{"href":"https:\/\/ursus.ee\/en\/wp-json\/wp\/v2\/product"}],"about":[{"href":"https:\/\/ursus.ee\/en\/wp-json\/wp\/v2\/types\/product"}],"replies":[{"embeddable":true,"href":"https:\/\/ursus.ee\/en\/wp-json\/wp\/v2\/comments?post=15028"}],"wp:featuredmedia":[{"embeddable":true,"href":"https:\/\/ursus.ee\/en\/wp-json\/wp\/v2\/media\/15884"}],"wp:attachment":[{"href":"https:\/\/ursus.ee\/en\/wp-json\/wp\/v2\/media?parent=15028"}],"wp:term":[{"taxonomy":"product_brand","embeddable":true,"href":"https:\/\/ursus.ee\/en\/wp-json\/wp\/v2\/product_brand?post=15028"},{"taxonomy":"product_cat","embeddable":true,"href":"https:\/\/ursus.ee\/en\/wp-json\/wp\/v2\/product_cat?post=15028"},{"taxonomy":"product_tag","embeddable":true,"href":"https:\/\/ursus.ee\/en\/wp-json\/wp\/v2\/product_tag?post=15028"}],"curies":[{"name":"wp","href":"https:\/\/api.w.org\/{rel}","templated":true}]}}