{"id":15026,"date":"2026-03-23T17:15:06","date_gmt":"2026-03-23T15:15:06","guid":{"rendered":"https:\/\/ursus.ee\/toode\/suutekuubikud-5\/"},"modified":"2026-03-25T15:05:41","modified_gmt":"2026-03-25T13:05:41","slug":"suutekuubikud-bakkjard-32tk","status":"publish","type":"product","link":"https:\/\/ursus.ee\/en\/toode\/suutekuubikud-bakkjard-32tk\/","title":{"rendered":"S\u00fc\u00fctekuubikud B\u00e4kkjard 32tk"},"content":{"rendered":"<p>S\u00fc\u00fctekuubikud h\u00f5lbustavad tule koldesse tegemist, p\u00f5ledes mitme minuti v\u00e4ltel. Pakendis 32 lahti murtavat kuubikut, mis on immutatud parafiiniga.<\/p>\n","protected":false},"excerpt":{"rendered":"<p>S\u00fc\u00fctekuubikud h\u00f5lbustavad tule koldesse tegemist, p\u00f5ledes mitme minuti v\u00e4ltel. Pakendis 32 lahti murtavat kuubikut, mis on immutatud parafiiniga.<\/p>\n","protected":false},"featured_media":15882,"comment_status":"closed","ping_status":"closed","template":"","meta":{"_acf_changed":false},"product_brand":[621],"product_cat":[512,437],"product_tag":[],"class_list":{"0":"post-15026","1":"product","2":"type-product","3":"status-publish","4":"has-post-thumbnail","6":"product_brand-bakkjard","7":"product_cat-majapidamistarbed","8":"product_cat-grillimistarvikud","9":"pa_kogus-32-tk","10":"pa_koostis-puit-parafiin","11":"pa_paritolumaa-poola","12":"pa_uhik-tk","14":"first","15":"instock","16":"purchasable","17":"product-type-simple"},"acf":[],"_links":{"self":[{"href":"https:\/\/ursus.ee\/en\/wp-json\/wp\/v2\/product\/15026","targetHints":{"allow":["GET"]}}],"collection":[{"href":"https:\/\/ursus.ee\/en\/wp-json\/wp\/v2\/product"}],"about":[{"href":"https:\/\/ursus.ee\/en\/wp-json\/wp\/v2\/types\/product"}],"replies":[{"embeddable":true,"href":"https:\/\/ursus.ee\/en\/wp-json\/wp\/v2\/comments?post=15026"}],"wp:featuredmedia":[{"embeddable":true,"href":"https:\/\/ursus.ee\/en\/wp-json\/wp\/v2\/media\/15882"}],"wp:attachment":[{"href":"https:\/\/ursus.ee\/en\/wp-json\/wp\/v2\/media?parent=15026"}],"wp:term":[{"taxonomy":"product_brand","embeddable":true,"href":"https:\/\/ursus.ee\/en\/wp-json\/wp\/v2\/product_brand?post=15026"},{"taxonomy":"product_cat","embeddable":true,"href":"https:\/\/ursus.ee\/en\/wp-json\/wp\/v2\/product_cat?post=15026"},{"taxonomy":"product_tag","embeddable":true,"href":"https:\/\/ursus.ee\/en\/wp-json\/wp\/v2\/product_tag?post=15026"}],"curies":[{"name":"wp","href":"https:\/\/api.w.org\/{rel}","templated":true}]}}