{"id":15022,"date":"2026-03-23T17:11:54","date_gmt":"2026-03-23T15:11:54","guid":{"rendered":"https:\/\/ursus.ee\/toode\/suutegeel-okoloogiline\/"},"modified":"2026-03-25T15:10:43","modified_gmt":"2026-03-25T13:10:43","slug":"suutegeel-okoloogiline","status":"publish","type":"product","link":"https:\/\/ursus.ee\/en\/toode\/suutegeel-okoloogiline\/","title":{"rendered":"S\u00fc\u00fctegeel \u00f6koloogiline"},"content":{"rendered":"<p>Ideaalne grillide, kaminate, ahjude ja l\u00f5kete s\u00fc\u00fctamiseks. Baseerub puhtal bioetanoolil, keskkonnale ohutu. P\u00f5lemise tagaj\u00e4rjel ei teki tuhka, suitsu ega h\u00e4irivat l\u00f5hna. S\u00fc\u00fctegeeli kulub s\u00fc\u00fctamiseks seitse korda v\u00e4hem kui vedelikku ja p\u00f5lemisprotsess on alternatiividega v\u00f5rreldes kaks korda pikem. Geel ei ole plahvatusohtlik.<\/p>\n","protected":false},"excerpt":{"rendered":"<p>Ideaalne grillide, kaminate, ahjude ja l\u00f5kete s\u00fc\u00fctamiseks. Baseerub puhtal bioetanoolil, keskkonnale ohutu. P\u00f5lemise tagaj\u00e4rjel ei teki tuhka, suitsu ega h\u00e4irivat l\u00f5hna. S\u00fc\u00fctegeeli kulub s\u00fc\u00fctamiseks seitse korda v\u00e4hem kui vedelikku ja p\u00f5lemisprotsess on alternatiividega v\u00f5rreldes kaks korda pikem. Geel ei ole plahvatusohtlik.<\/p>\n","protected":false},"featured_media":15955,"comment_status":"closed","ping_status":"closed","template":"","meta":{"_acf_changed":false},"product_brand":[637],"product_cat":[512,437],"product_tag":[],"class_list":{"0":"post-15022","1":"product","2":"type-product","3":"status-publish","4":"has-post-thumbnail","6":"product_brand-go-green","7":"product_cat-majapidamistarbed","8":"product_cat-grillimistarvikud","9":"pa_kogus-1-l","10":"pa_paritolumaa-eesti","11":"pa_uhik-l","13":"first","14":"instock","15":"purchasable","16":"product-type-simple"},"acf":[],"_links":{"self":[{"href":"https:\/\/ursus.ee\/en\/wp-json\/wp\/v2\/product\/15022","targetHints":{"allow":["GET"]}}],"collection":[{"href":"https:\/\/ursus.ee\/en\/wp-json\/wp\/v2\/product"}],"about":[{"href":"https:\/\/ursus.ee\/en\/wp-json\/wp\/v2\/types\/product"}],"replies":[{"embeddable":true,"href":"https:\/\/ursus.ee\/en\/wp-json\/wp\/v2\/comments?post=15022"}],"wp:featuredmedia":[{"embeddable":true,"href":"https:\/\/ursus.ee\/en\/wp-json\/wp\/v2\/media\/15955"}],"wp:attachment":[{"href":"https:\/\/ursus.ee\/en\/wp-json\/wp\/v2\/media?parent=15022"}],"wp:term":[{"taxonomy":"product_brand","embeddable":true,"href":"https:\/\/ursus.ee\/en\/wp-json\/wp\/v2\/product_brand?post=15022"},{"taxonomy":"product_cat","embeddable":true,"href":"https:\/\/ursus.ee\/en\/wp-json\/wp\/v2\/product_cat?post=15022"},{"taxonomy":"product_tag","embeddable":true,"href":"https:\/\/ursus.ee\/en\/wp-json\/wp\/v2\/product_tag?post=15022"}],"curies":[{"name":"wp","href":"https:\/\/api.w.org\/{rel}","templated":true}]}}