{"id":15016,"date":"2026-03-23T17:11:54","date_gmt":"2026-03-23T15:11:54","guid":{"rendered":"https:\/\/ursus.ee\/toode\/suutekuubikud\/"},"modified":"2026-03-25T15:09:53","modified_gmt":"2026-03-25T13:09:53","slug":"suutekuubikud-go-green-32tk","status":"publish","type":"product","link":"https:\/\/ursus.ee\/en\/toode\/suutekuubikud-go-green-32tk\/","title":{"rendered":"S\u00fc\u00fctekuubikud Go Green 32tk"},"content":{"rendered":"<p>Pika p\u00f5lemisajaga, 100% taastuvatest ressurssidest \u00f6koloogilised s\u00fc\u00fctekuubikud. Valmistamisel kasutatud taimset vaha ja FSC sertifikaadiga puidukiudu, mis p\u00e4rineb vastutustundlikult majandatud metsadest.<\/p>\n","protected":false},"excerpt":{"rendered":"<p>Pika p\u00f5lemisajaga, 100% taastuvatest ressurssidest \u00f6koloogilised s\u00fc\u00fctekuubikud. Valmistamisel kasutatud taimset vaha ja FSC sertifikaadiga puidukiudu, mis p\u00e4rineb vastutustundlikult majandatud metsadest.<\/p>\n","protected":false},"featured_media":15949,"comment_status":"closed","ping_status":"closed","template":"","meta":{"_acf_changed":false},"product_brand":[637],"product_cat":[512,437],"product_tag":[],"class_list":{"0":"post-15016","1":"product","2":"type-product","3":"status-publish","4":"has-post-thumbnail","6":"product_brand-go-green","7":"product_cat-majapidamistarbed","8":"product_cat-grillimistarvikud","9":"pa_kogus-32-tk","10":"pa_koostis-taimne-vaha-ja-puidukiud","11":"pa_paritolumaa-saksamaa","12":"pa_uhik-tk","14":"first","15":"instock","16":"purchasable","17":"product-type-simple"},"acf":[],"_links":{"self":[{"href":"https:\/\/ursus.ee\/en\/wp-json\/wp\/v2\/product\/15016","targetHints":{"allow":["GET"]}}],"collection":[{"href":"https:\/\/ursus.ee\/en\/wp-json\/wp\/v2\/product"}],"about":[{"href":"https:\/\/ursus.ee\/en\/wp-json\/wp\/v2\/types\/product"}],"replies":[{"embeddable":true,"href":"https:\/\/ursus.ee\/en\/wp-json\/wp\/v2\/comments?post=15016"}],"wp:featuredmedia":[{"embeddable":true,"href":"https:\/\/ursus.ee\/en\/wp-json\/wp\/v2\/media\/15949"}],"wp:attachment":[{"href":"https:\/\/ursus.ee\/en\/wp-json\/wp\/v2\/media?parent=15016"}],"wp:term":[{"taxonomy":"product_brand","embeddable":true,"href":"https:\/\/ursus.ee\/en\/wp-json\/wp\/v2\/product_brand?post=15016"},{"taxonomy":"product_cat","embeddable":true,"href":"https:\/\/ursus.ee\/en\/wp-json\/wp\/v2\/product_cat?post=15016"},{"taxonomy":"product_tag","embeddable":true,"href":"https:\/\/ursus.ee\/en\/wp-json\/wp\/v2\/product_tag?post=15016"}],"curies":[{"name":"wp","href":"https:\/\/api.w.org\/{rel}","templated":true}]}}