{"id":15014,"date":"2026-03-23T17:11:54","date_gmt":"2026-03-23T15:11:54","guid":{"rendered":"https:\/\/ursus.ee\/toode\/grillimisalused-2\/"},"modified":"2026-03-25T15:03:25","modified_gmt":"2026-03-25T13:03:25","slug":"grillimisalused-5tk","status":"publish","type":"product","link":"https:\/\/ursus.ee\/en\/toode\/grillimisalused-5tk\/","title":{"rendered":"Grillimisalused 5tk"},"content":{"rendered":"<p>Alumiiniumist grillimisalused sobivad liha, kala ja k\u00f6\u00f6giviljade ideaalseks k\u00fcpsetamiseks. Alus kaitseb grilli m\u00e4\u00e4rdumise eest, toit j\u00e4\u00e4b mahlane ja on kaitstud liigse kuumuse eest.<\/p>\n","protected":false},"excerpt":{"rendered":"<p>Alumiiniumist grillimisalused sobivad liha, kala ja k\u00f6\u00f6giviljade ideaalseks k\u00fcpsetamiseks. Alus kaitseb grilli m\u00e4\u00e4rdumise eest, toit j\u00e4\u00e4b mahlane ja on kaitstud liigse kuumuse eest.<\/p>\n","protected":false},"featured_media":15947,"comment_status":"closed","ping_status":"closed","template":"","meta":{"_acf_changed":false},"product_brand":[621],"product_cat":[512,437],"product_tag":[],"class_list":{"0":"post-15014","1":"product","2":"type-product","3":"status-publish","4":"has-post-thumbnail","6":"product_brand-bakkjard","7":"product_cat-majapidamistarbed","8":"product_cat-grillimistarvikud","9":"pa_kogus-5-tk","10":"pa_koostis-aluminium-60-mic","11":"pa_paritolumaa-hiina","12":"pa_uhik-tk","14":"first","15":"instock","16":"purchasable","17":"product-type-simple"},"acf":[],"_links":{"self":[{"href":"https:\/\/ursus.ee\/en\/wp-json\/wp\/v2\/product\/15014","targetHints":{"allow":["GET"]}}],"collection":[{"href":"https:\/\/ursus.ee\/en\/wp-json\/wp\/v2\/product"}],"about":[{"href":"https:\/\/ursus.ee\/en\/wp-json\/wp\/v2\/types\/product"}],"replies":[{"embeddable":true,"href":"https:\/\/ursus.ee\/en\/wp-json\/wp\/v2\/comments?post=15014"}],"wp:featuredmedia":[{"embeddable":true,"href":"https:\/\/ursus.ee\/en\/wp-json\/wp\/v2\/media\/15947"}],"wp:attachment":[{"href":"https:\/\/ursus.ee\/en\/wp-json\/wp\/v2\/media?parent=15014"}],"wp:term":[{"taxonomy":"product_brand","embeddable":true,"href":"https:\/\/ursus.ee\/en\/wp-json\/wp\/v2\/product_brand?post=15014"},{"taxonomy":"product_cat","embeddable":true,"href":"https:\/\/ursus.ee\/en\/wp-json\/wp\/v2\/product_cat?post=15014"},{"taxonomy":"product_tag","embeddable":true,"href":"https:\/\/ursus.ee\/en\/wp-json\/wp\/v2\/product_tag?post=15014"}],"curies":[{"name":"wp","href":"https:\/\/api.w.org\/{rel}","templated":true}]}}