{"id":15009,"date":"2026-03-23T17:11:54","date_gmt":"2026-03-23T15:11:54","guid":{"rendered":"https:\/\/ursus.ee\/toode\/grillvardad-v-kuju-30cm-14mm\/"},"modified":"2026-03-25T14:52:13","modified_gmt":"2026-03-25T12:52:13","slug":"grillvardad-v-kuju-30cm-14mm","status":"publish","type":"product","link":"https:\/\/ursus.ee\/en\/toode\/grillvardad-v-kuju-30cm-14mm\/","title":{"rendered":"Grillvardad &#8220;V&#8221; kuju 30cm\/1,4mm"},"content":{"rendered":"<p>1,4mm paksused vardad on roostevabast terasest ning varras ei paindu l\u00e4bi suuremate lihat\u00fckkide grillimisel. T\u00e4nu varda V-kujule on varrast mugav keerata. Lihtne puhastada. Varda pikkus 30cm. Komplekti kuulub 6 grillvarrast.<\/p>\n","protected":false},"excerpt":{"rendered":"<p>1,4mm paksused vardad on roostevabast terasest ning varras ei paindu l\u00e4bi suuremate lihat\u00fckkide grillimisel. T\u00e4nu varda V-kujule on varrast mugav keerata. Lihtne puhastada. Varda pikkus 30cm. Komplekti kuulub 6 grillvarrast.<\/p>\n","protected":false},"featured_media":15939,"comment_status":"closed","ping_status":"closed","template":"","meta":{"_acf_changed":false},"product_brand":[621],"product_cat":[512,437],"product_tag":[],"class_list":{"0":"post-15009","1":"product","2":"type-product","3":"status-publish","4":"has-post-thumbnail","6":"product_brand-bakkjard","7":"product_cat-majapidamistarbed","8":"product_cat-grillimistarvikud","9":"pa_kogus-6-tk","10":"pa_paritolumaa-hiina","11":"pa_uhik-tk","13":"first","14":"instock","15":"purchasable","16":"product-type-simple"},"acf":[],"_links":{"self":[{"href":"https:\/\/ursus.ee\/en\/wp-json\/wp\/v2\/product\/15009","targetHints":{"allow":["GET"]}}],"collection":[{"href":"https:\/\/ursus.ee\/en\/wp-json\/wp\/v2\/product"}],"about":[{"href":"https:\/\/ursus.ee\/en\/wp-json\/wp\/v2\/types\/product"}],"replies":[{"embeddable":true,"href":"https:\/\/ursus.ee\/en\/wp-json\/wp\/v2\/comments?post=15009"}],"wp:featuredmedia":[{"embeddable":true,"href":"https:\/\/ursus.ee\/en\/wp-json\/wp\/v2\/media\/15939"}],"wp:attachment":[{"href":"https:\/\/ursus.ee\/en\/wp-json\/wp\/v2\/media?parent=15009"}],"wp:term":[{"taxonomy":"product_brand","embeddable":true,"href":"https:\/\/ursus.ee\/en\/wp-json\/wp\/v2\/product_brand?post=15009"},{"taxonomy":"product_cat","embeddable":true,"href":"https:\/\/ursus.ee\/en\/wp-json\/wp\/v2\/product_cat?post=15009"},{"taxonomy":"product_tag","embeddable":true,"href":"https:\/\/ursus.ee\/en\/wp-json\/wp\/v2\/product_tag?post=15009"}],"curies":[{"name":"wp","href":"https:\/\/api.w.org\/{rel}","templated":true}]}}