{"id":14990,"date":"2026-03-23T17:11:54","date_gmt":"2026-03-23T15:11:54","guid":{"rendered":"https:\/\/ursus.ee\/toode\/grillisvamm\/"},"modified":"2026-03-25T14:23:42","modified_gmt":"2026-03-25T12:23:42","slug":"grillisvamm","status":"publish","type":"product","link":"https:\/\/ursus.ee\/en\/toode\/grillisvamm\/","title":{"rendered":"Grillisvamm"},"content":{"rendered":"<p>Vastupidavad svammid grilli puhastamiseks. K\u00fc\u00fcrimispind on valmistatud tugevast abrasiivist, mis puhastab k\u00f5rbenud pinnad kerge vaevaga. Mitte kasutada \u00f5rnade pindade ja tefloni puhastamiseks.<\/p>\n","protected":false},"excerpt":{"rendered":"<p>Vastupidavad svammid grilli puhastamiseks. K\u00fc\u00fcrimispind on valmistatud tugevast abrasiivist, mis puhastab k\u00f5rbenud pinnad kerge vaevaga. Mitte kasutada \u00f5rnade pindade ja tefloni puhastamiseks.<\/p>\n","protected":false},"featured_media":15917,"comment_status":"closed","ping_status":"closed","template":"","meta":{"_acf_changed":false},"product_brand":[621],"product_cat":[512,437],"product_tag":[],"class_list":{"0":"post-14990","1":"product","2":"type-product","3":"status-publish","4":"has-post-thumbnail","6":"product_brand-bakkjard","7":"product_cat-majapidamistarbed","8":"product_cat-grillimistarvikud","9":"pa_kogus-2-tk","10":"pa_paritolumaa-eesti","11":"pa_uhik-tk","13":"first","14":"instock","15":"purchasable","16":"product-type-simple"},"acf":[],"_links":{"self":[{"href":"https:\/\/ursus.ee\/en\/wp-json\/wp\/v2\/product\/14990","targetHints":{"allow":["GET"]}}],"collection":[{"href":"https:\/\/ursus.ee\/en\/wp-json\/wp\/v2\/product"}],"about":[{"href":"https:\/\/ursus.ee\/en\/wp-json\/wp\/v2\/types\/product"}],"replies":[{"embeddable":true,"href":"https:\/\/ursus.ee\/en\/wp-json\/wp\/v2\/comments?post=14990"}],"wp:featuredmedia":[{"embeddable":true,"href":"https:\/\/ursus.ee\/en\/wp-json\/wp\/v2\/media\/15917"}],"wp:attachment":[{"href":"https:\/\/ursus.ee\/en\/wp-json\/wp\/v2\/media?parent=14990"}],"wp:term":[{"taxonomy":"product_brand","embeddable":true,"href":"https:\/\/ursus.ee\/en\/wp-json\/wp\/v2\/product_brand?post=14990"},{"taxonomy":"product_cat","embeddable":true,"href":"https:\/\/ursus.ee\/en\/wp-json\/wp\/v2\/product_cat?post=14990"},{"taxonomy":"product_tag","embeddable":true,"href":"https:\/\/ursus.ee\/en\/wp-json\/wp\/v2\/product_tag?post=14990"}],"curies":[{"name":"wp","href":"https:\/\/api.w.org\/{rel}","templated":true}]}}