{"id":14988,"date":"2026-03-23T17:08:53","date_gmt":"2026-03-23T15:08:53","guid":{"rendered":"https:\/\/ursus.ee\/toode\/kupsetus-ja-grillmatt-40x33cm\/"},"modified":"2026-03-25T15:33:32","modified_gmt":"2026-03-25T13:33:32","slug":"kupsetus-ja-grillmatt-40x33cm","status":"publish","type":"product","link":"https:\/\/ursus.ee\/en\/toode\/kupsetus-ja-grillmatt-40x33cm\/","title":{"rendered":"K\u00fcpsetus- ja grillmatt 40x33cm"},"content":{"rendered":"<p>Mitmeotstarbeline matt- sobib kasutamiseks nii grillil, takistamaks k\u00fcpseva toidu kleepumist grillresti k\u00fclge, kui ka ahjuplaadil k\u00fcpsetuspaberi asemel. Korduvkasutatav. N\u00f5udepesumasinas pestav.<\/p>\n","protected":false},"excerpt":{"rendered":"<p>Mitmeotstarbeline matt- sobib kasutamiseks nii grillil, takistamaks k\u00fcpseva toidu kleepumist grillresti k\u00fclge, kui ka ahjuplaadil k\u00fcpsetuspaberi asemel. Korduvkasutatav. N\u00f5udepesumasinas pestav.<\/p>\n","protected":false},"featured_media":15994,"comment_status":"closed","ping_status":"closed","template":"","meta":{"_acf_changed":false},"product_brand":[621],"product_cat":[512,437],"product_tag":[],"class_list":{"0":"post-14988","1":"product","2":"type-product","3":"status-publish","4":"has-post-thumbnail","6":"product_brand-bakkjard","7":"product_cat-majapidamistarbed","8":"product_cat-grillimistarvikud","9":"pa_kogus-1-tk","10":"pa_koostis-klaaskiudkangas","11":"pa_paritolumaa-hiina","12":"pa_uhik-tk","14":"first","15":"instock","16":"purchasable","17":"product-type-simple"},"acf":[],"_links":{"self":[{"href":"https:\/\/ursus.ee\/en\/wp-json\/wp\/v2\/product\/14988","targetHints":{"allow":["GET"]}}],"collection":[{"href":"https:\/\/ursus.ee\/en\/wp-json\/wp\/v2\/product"}],"about":[{"href":"https:\/\/ursus.ee\/en\/wp-json\/wp\/v2\/types\/product"}],"replies":[{"embeddable":true,"href":"https:\/\/ursus.ee\/en\/wp-json\/wp\/v2\/comments?post=14988"}],"wp:featuredmedia":[{"embeddable":true,"href":"https:\/\/ursus.ee\/en\/wp-json\/wp\/v2\/media\/15994"}],"wp:attachment":[{"href":"https:\/\/ursus.ee\/en\/wp-json\/wp\/v2\/media?parent=14988"}],"wp:term":[{"taxonomy":"product_brand","embeddable":true,"href":"https:\/\/ursus.ee\/en\/wp-json\/wp\/v2\/product_brand?post=14988"},{"taxonomy":"product_cat","embeddable":true,"href":"https:\/\/ursus.ee\/en\/wp-json\/wp\/v2\/product_cat?post=14988"},{"taxonomy":"product_tag","embeddable":true,"href":"https:\/\/ursus.ee\/en\/wp-json\/wp\/v2\/product_tag?post=14988"}],"curies":[{"name":"wp","href":"https:\/\/api.w.org\/{rel}","templated":true}]}}