{"id":14987,"date":"2026-03-23T17:08:53","date_gmt":"2026-03-23T15:08:53","guid":{"rendered":"https:\/\/ursus.ee\/toode\/grillkinnas-kuuma-ja-tulekindel\/"},"modified":"2026-03-25T15:31:49","modified_gmt":"2026-03-25T13:31:49","slug":"grillkinnas-kuuma-ja-tulekindel","status":"publish","type":"product","link":"https:\/\/ursus.ee\/en\/toode\/grillkinnas-kuuma-ja-tulekindel\/","title":{"rendered":"Grillkinnas, kuuma- ja tulekindel"},"content":{"rendered":"<p>Kuuma- ja tulekindel grillikinnas on m\u00f5eldud suure kuumusega grilliga toimetamiseks. Aitab v\u00e4ltida k\u00e4te k\u00f5rvetamist. Kinnas on m\u00f5lemak\u00e4eline ja masinpestav.<\/p>\n","protected":false},"excerpt":{"rendered":"<p>Kuuma- ja tulekindel grillikinnas on m\u00f5eldud suure kuumusega grilliga toimetamiseks. Aitab v\u00e4ltida k\u00e4te k\u00f5rvetamist. Kinnas on m\u00f5lemak\u00e4eline ja masinpestav.<\/p>\n","protected":false},"featured_media":15992,"comment_status":"closed","ping_status":"closed","template":"","meta":{"_acf_changed":false},"product_brand":[621],"product_cat":[512,437],"product_tag":[],"class_list":{"0":"post-14987","1":"product","2":"type-product","3":"status-publish","4":"has-post-thumbnail","6":"product_brand-bakkjard","7":"product_cat-majapidamistarbed","8":"product_cat-grillimistarvikud","9":"pa_kogus-1-tk","10":"pa_koostis-silikoon","11":"pa_paritolumaa-hiina","12":"pa_uhik-tk","14":"first","15":"instock","16":"purchasable","17":"product-type-simple"},"acf":[],"_links":{"self":[{"href":"https:\/\/ursus.ee\/en\/wp-json\/wp\/v2\/product\/14987","targetHints":{"allow":["GET"]}}],"collection":[{"href":"https:\/\/ursus.ee\/en\/wp-json\/wp\/v2\/product"}],"about":[{"href":"https:\/\/ursus.ee\/en\/wp-json\/wp\/v2\/types\/product"}],"replies":[{"embeddable":true,"href":"https:\/\/ursus.ee\/en\/wp-json\/wp\/v2\/comments?post=14987"}],"wp:featuredmedia":[{"embeddable":true,"href":"https:\/\/ursus.ee\/en\/wp-json\/wp\/v2\/media\/15992"}],"wp:attachment":[{"href":"https:\/\/ursus.ee\/en\/wp-json\/wp\/v2\/media?parent=14987"}],"wp:term":[{"taxonomy":"product_brand","embeddable":true,"href":"https:\/\/ursus.ee\/en\/wp-json\/wp\/v2\/product_brand?post=14987"},{"taxonomy":"product_cat","embeddable":true,"href":"https:\/\/ursus.ee\/en\/wp-json\/wp\/v2\/product_cat?post=14987"},{"taxonomy":"product_tag","embeddable":true,"href":"https:\/\/ursus.ee\/en\/wp-json\/wp\/v2\/product_tag?post=14987"}],"curies":[{"name":"wp","href":"https:\/\/api.w.org\/{rel}","templated":true}]}}