{"id":14971,"date":"2026-03-23T17:08:53","date_gmt":"2026-03-23T15:08:53","guid":{"rendered":"https:\/\/ursus.ee\/toode\/termospott-25l\/"},"modified":"2026-03-27T16:13:49","modified_gmt":"2026-03-27T14:13:49","slug":"termospott-25l","status":"publish","type":"product","link":"https:\/\/ursus.ee\/en\/toode\/termospott-25l\/","title":{"rendered":"Termospott 2,5L"},"content":{"rendered":"<p>Termospott on m\u00f5eldud toidu soojana hoidmiseks. Poti sisemus on valmistatud roostevabast terasest, v\u00e4lispind plastikust. Ei sobi kasutamiseks ahjudes. Ei ole pestav n\u00f5udepesumasinas. V\u00e4rvivalik: Valge, tumehall, m\u00fcndiroheline<\/p>\n","protected":false},"excerpt":{"rendered":"<p>Termospott on m\u00f5eldud toidu soojana hoidmiseks. Poti sisemus on valmistatud roostevabast terasest, v\u00e4lispind plastikust. Ei sobi kasutamiseks ahjudes. Ei ole pestav n\u00f5udepesumasinas. V\u00e4rvivalik: Valge, tumehall, m\u00fcndiroheline<\/p>\n","protected":false},"featured_media":16057,"comment_status":"closed","ping_status":"closed","template":"","meta":{"_acf_changed":false},"product_brand":[621],"product_cat":[405,513],"product_tag":[],"class_list":{"0":"post-14971","1":"product","2":"type-product","3":"status-publish","4":"has-post-thumbnail","6":"product_brand-bakkjard","7":"product_cat-koogitarbed","8":"product_cat-potid-ja-pannid","9":"pa_kogus-1-tk","10":"pa_paritolumaa-hiina","11":"pa_uhik-tk","13":"first","14":"instock","15":"purchasable","16":"product-type-simple"},"acf":[],"_links":{"self":[{"href":"https:\/\/ursus.ee\/en\/wp-json\/wp\/v2\/product\/14971","targetHints":{"allow":["GET"]}}],"collection":[{"href":"https:\/\/ursus.ee\/en\/wp-json\/wp\/v2\/product"}],"about":[{"href":"https:\/\/ursus.ee\/en\/wp-json\/wp\/v2\/types\/product"}],"replies":[{"embeddable":true,"href":"https:\/\/ursus.ee\/en\/wp-json\/wp\/v2\/comments?post=14971"}],"wp:featuredmedia":[{"embeddable":true,"href":"https:\/\/ursus.ee\/en\/wp-json\/wp\/v2\/media\/16057"}],"wp:attachment":[{"href":"https:\/\/ursus.ee\/en\/wp-json\/wp\/v2\/media?parent=14971"}],"wp:term":[{"taxonomy":"product_brand","embeddable":true,"href":"https:\/\/ursus.ee\/en\/wp-json\/wp\/v2\/product_brand?post=14971"},{"taxonomy":"product_cat","embeddable":true,"href":"https:\/\/ursus.ee\/en\/wp-json\/wp\/v2\/product_cat?post=14971"},{"taxonomy":"product_tag","embeddable":true,"href":"https:\/\/ursus.ee\/en\/wp-json\/wp\/v2\/product_tag?post=14971"}],"curies":[{"name":"wp","href":"https:\/\/api.w.org\/{rel}","templated":true}]}}