{"id":14968,"date":"2026-03-23T17:08:53","date_gmt":"2026-03-23T15:08:53","guid":{"rendered":"https:\/\/ursus.ee\/toode\/difuusor-herbal-moments-rosemary-bergamot\/"},"modified":"2026-03-27T16:16:40","modified_gmt":"2026-03-27T14:16:40","slug":"difuusor-herbal-moments-rosemary-bergamot","status":"publish","type":"product","link":"https:\/\/ursus.ee\/en\/toode\/difuusor-herbal-moments-rosemary-bergamot\/","title":{"rendered":"Difuusor Herbal Moments Rosemary &#038; Bergamot"},"content":{"rendered":"<p>Elegantne 100 ml l\u00f5hnadifuuser pulkadega, mis loob ainulaadse meeleolu ja toob ruumi meeldiva l\u00f5\u00f5gastava aura. Kasutamine on lihtne \u2013 aseta pulgad pudelisse, \u00f5li imendub neisse ja vabastab l\u00f5hna j\u00e4rk-j\u00e4rgult. L\u00f5hna tugevdamiseks keera pulki aeg-ajalt \u00fcmber. Rosmariin seguneb bergamotiga, moodustades koosluse, mis on \u00fchtaegu ergutav ja tasakaalustav.<\/p>\n","protected":false},"excerpt":{"rendered":"<p>Elegantne 100 ml l\u00f5hnadifuuser pulkadega, mis loob ainulaadse meeleolu ja toob ruumi meeldiva l\u00f5\u00f5gastava aura. Kasutamine on lihtne \u2013 aseta pulgad pudelisse, \u00f5li imendub neisse ja vabastab l\u00f5hna j\u00e4rk-j\u00e4rgult. L\u00f5hna tugevdamiseks keera pulki aeg-ajalt \u00fcmber. Rosmariin seguneb bergamotiga, moodustades koosluse, mis on \u00fchtaegu ergutav ja tasakaalustav.<\/p>\n","protected":false},"featured_media":16079,"comment_status":"closed","ping_status":"closed","template":"","meta":{"_acf_changed":false},"product_brand":[359],"product_cat":[116,360],"product_tag":[],"class_list":{"0":"post-14968","1":"product","2":"type-product","3":"status-publish","4":"has-post-thumbnail","6":"product_brand-brait","7":"product_cat-puhastusvahendid","8":"product_cat-ruumilohnastajad","9":"pa_kogus-100-ml","10":"pa_paritolumaa-poola","11":"pa_uhik-tk","13":"first","14":"instock","15":"purchasable","16":"product-type-simple"},"acf":[],"_links":{"self":[{"href":"https:\/\/ursus.ee\/en\/wp-json\/wp\/v2\/product\/14968","targetHints":{"allow":["GET"]}}],"collection":[{"href":"https:\/\/ursus.ee\/en\/wp-json\/wp\/v2\/product"}],"about":[{"href":"https:\/\/ursus.ee\/en\/wp-json\/wp\/v2\/types\/product"}],"replies":[{"embeddable":true,"href":"https:\/\/ursus.ee\/en\/wp-json\/wp\/v2\/comments?post=14968"}],"wp:featuredmedia":[{"embeddable":true,"href":"https:\/\/ursus.ee\/en\/wp-json\/wp\/v2\/media\/16079"}],"wp:attachment":[{"href":"https:\/\/ursus.ee\/en\/wp-json\/wp\/v2\/media?parent=14968"}],"wp:term":[{"taxonomy":"product_brand","embeddable":true,"href":"https:\/\/ursus.ee\/en\/wp-json\/wp\/v2\/product_brand?post=14968"},{"taxonomy":"product_cat","embeddable":true,"href":"https:\/\/ursus.ee\/en\/wp-json\/wp\/v2\/product_cat?post=14968"},{"taxonomy":"product_tag","embeddable":true,"href":"https:\/\/ursus.ee\/en\/wp-json\/wp\/v2\/product_tag?post=14968"}],"curies":[{"name":"wp","href":"https:\/\/api.w.org\/{rel}","templated":true}]}}