{"id":13570,"date":"2025-12-16T19:19:57","date_gmt":"2025-12-16T17:19:57","guid":{"rendered":"https:\/\/ursus.ee\/toode\/malmpott-umar-42l-24cm-elevandiluu\/"},"modified":"2026-03-27T16:13:48","modified_gmt":"2026-03-27T14:13:48","slug":"malmpott-umar-42l-24cm-elevandiluu","status":"publish","type":"product","link":"https:\/\/ursus.ee\/en\/toode\/malmpott-umar-42l-24cm-elevandiluu\/","title":{"rendered":"Malmpott \u00fcmar 4,2L \/ 24cm, elevandiluu"},"content":{"rendered":"<p>Elegantse v\u00e4limusega malmist hautise- v\u00f5i ahjupott, millel on dekoratiivne messingitooni nupp poti kaanel, sisemus emailkattega. Kaunis, vastupidav ja ajatu disainiga pott on valmistatud kvaliteetsest malmist, mis tagab \u00fchtlase kuumusjaotuse ja t\u00e4iusliku toiduvalmistamise. Sobib kasutada ahjus, elektri-, keraamilisel-, induktsioon- , gaasi pliidiplaadil ja on n\u00f5udepesumasinas pestav, kuid soovitame k\u00e4sipesu. Poti max temperatuuritaluvus on kuni 260 \u00baC.<\/p>\n<p>Toote eelised:<br \/>\n\u2714 Valmistatud kvaliteetsest malmist \u2013 ideaalne hautamiseks, k\u00fcpsetamiseks ja aeglaseks keetmiseks.<br \/>\n\u2714 Emailitud pind \u2013 ei ima l\u00f5hnu ega maitseid, lihtne puhastada.<br \/>\n\u2714 Stiilne messingitooni nupp \u2013 lisab elegantsi.<br \/>\n\u2714 Sobib k\u00f5ikidele pliidit\u00fc\u00fcpidele \u2013 samuti ka induktsioonile<br \/>\n\u2714 Kahe k\u00e4epidemega mugav k\u00e4sitseda \u2013 ka raskemad road on kergesti liigutatavad.<\/p>\n","protected":false},"excerpt":{"rendered":"<p>Elegantse v\u00e4limusega malmist hautise- v\u00f5i ahjupott, millel on dekoratiivne messingitooni nupp poti kaanel, sisemus emailkattega. Kaunis, vastupidav ja ajatu disainiga pott on valmistatud kvaliteetsest malmist, mis tagab \u00fchtlase kuumusjaotuse ja t\u00e4iusliku toiduvalmistamise. Sobib kasutada ahjus, elektri-, keraamilisel-, induktsioon- , gaasi pliidiplaadil ja on n\u00f5udepesumasinas pestav, kuid soovitame k\u00e4sipesu. Poti max temperatuuritaluvus on kuni 260 \u00baC.<\/p>\n","protected":false},"featured_media":13682,"comment_status":"closed","ping_status":"closed","template":"","meta":{"_acf_changed":false},"product_brand":[621],"product_cat":[405,513],"product_tag":[],"class_list":{"0":"post-13570","1":"product","2":"type-product","3":"status-publish","4":"has-post-thumbnail","6":"product_brand-bakkjard","7":"product_cat-koogitarbed","8":"product_cat-potid-ja-pannid","9":"pa_kogus-1-tk","10":"pa_koostis-malm","11":"pa_paritolumaa-hiina","12":"pa_uhik-tk","14":"first","15":"instock","16":"purchasable","17":"product-type-simple"},"acf":[],"_links":{"self":[{"href":"https:\/\/ursus.ee\/en\/wp-json\/wp\/v2\/product\/13570","targetHints":{"allow":["GET"]}}],"collection":[{"href":"https:\/\/ursus.ee\/en\/wp-json\/wp\/v2\/product"}],"about":[{"href":"https:\/\/ursus.ee\/en\/wp-json\/wp\/v2\/types\/product"}],"replies":[{"embeddable":true,"href":"https:\/\/ursus.ee\/en\/wp-json\/wp\/v2\/comments?post=13570"}],"wp:featuredmedia":[{"embeddable":true,"href":"https:\/\/ursus.ee\/en\/wp-json\/wp\/v2\/media\/13682"}],"wp:attachment":[{"href":"https:\/\/ursus.ee\/en\/wp-json\/wp\/v2\/media?parent=13570"}],"wp:term":[{"taxonomy":"product_brand","embeddable":true,"href":"https:\/\/ursus.ee\/en\/wp-json\/wp\/v2\/product_brand?post=13570"},{"taxonomy":"product_cat","embeddable":true,"href":"https:\/\/ursus.ee\/en\/wp-json\/wp\/v2\/product_cat?post=13570"},{"taxonomy":"product_tag","embeddable":true,"href":"https:\/\/ursus.ee\/en\/wp-json\/wp\/v2\/product_tag?post=13570"}],"curies":[{"name":"wp","href":"https:\/\/api.w.org\/{rel}","templated":true}]}}