{"id":13565,"date":"2025-12-16T19:19:57","date_gmt":"2025-12-16T17:19:57","guid":{"rendered":"https:\/\/ursus.ee\/toode\/vannisvamm-orn-esta-nordic\/"},"modified":"2026-03-27T16:23:26","modified_gmt":"2026-03-27T14:23:26","slug":"vannisvamm-orn-esta-nordic","status":"publish","type":"product","link":"https:\/\/ursus.ee\/en\/toode\/vannisvamm-orn-esta-nordic\/","title":{"rendered":"Vannisvamm \u00f5rn Esta Nordic"},"content":{"rendered":"<p>Igap\u00e4evaseks kasutamiseks m\u00f5eldud pehme vannisvamm. Poorne struktuur muudab svammi h\u00e4sti vahutaks ja imavaks. Svammi minimalistlikud toonid sobivad h\u00e4sti p\u00f5hjamaise disainiga vannitubadesse.<\/p>\n","protected":false},"excerpt":{"rendered":"<p>Igap\u00e4evaseks kasutamiseks m\u00f5eldud pehme vannisvamm. Poorne struktuur muudab svammi h\u00e4sti vahutaks ja imavaks. Svammi minimalistlikud toonid sobivad h\u00e4sti p\u00f5hjamaise disainiga vannitubadesse.<\/p>\n","protected":false},"featured_media":13702,"comment_status":"closed","ping_status":"closed","template":"","meta":{"_acf_changed":false},"product_brand":[408],"product_cat":[244,416],"product_tag":[],"class_list":{"0":"post-13565","1":"product","2":"type-product","3":"status-publish","4":"has-post-thumbnail","6":"product_brand-esta","7":"product_cat-kehahooldus","8":"product_cat-kehapesusvammid","9":"pa_kogus-1-tk","10":"pa_paritolumaa-eesti","11":"pa_uhik-tk","13":"first","14":"instock","15":"purchasable","16":"product-type-simple"},"acf":[],"_links":{"self":[{"href":"https:\/\/ursus.ee\/en\/wp-json\/wp\/v2\/product\/13565","targetHints":{"allow":["GET"]}}],"collection":[{"href":"https:\/\/ursus.ee\/en\/wp-json\/wp\/v2\/product"}],"about":[{"href":"https:\/\/ursus.ee\/en\/wp-json\/wp\/v2\/types\/product"}],"replies":[{"embeddable":true,"href":"https:\/\/ursus.ee\/en\/wp-json\/wp\/v2\/comments?post=13565"}],"wp:featuredmedia":[{"embeddable":true,"href":"https:\/\/ursus.ee\/en\/wp-json\/wp\/v2\/media\/13702"}],"wp:attachment":[{"href":"https:\/\/ursus.ee\/en\/wp-json\/wp\/v2\/media?parent=13565"}],"wp:term":[{"taxonomy":"product_brand","embeddable":true,"href":"https:\/\/ursus.ee\/en\/wp-json\/wp\/v2\/product_brand?post=13565"},{"taxonomy":"product_cat","embeddable":true,"href":"https:\/\/ursus.ee\/en\/wp-json\/wp\/v2\/product_cat?post=13565"},{"taxonomy":"product_tag","embeddable":true,"href":"https:\/\/ursus.ee\/en\/wp-json\/wp\/v2\/product_tag?post=13565"}],"curies":[{"name":"wp","href":"https:\/\/api.w.org\/{rel}","templated":true}]}}