{"id":13561,"date":"2025-12-16T19:19:57","date_gmt":"2025-12-16T17:19:57","guid":{"rendered":"https:\/\/ursus.ee\/toode\/niisked-salvratikud-varskendavad-aloe-fresh\/"},"modified":"2026-02-10T17:53:05","modified_gmt":"2026-02-10T15:53:05","slug":"niisked-salvratikud-varskendavad-aloe-fresh","status":"publish","type":"product","link":"https:\/\/ursus.ee\/en\/toode\/niisked-salvratikud-varskendavad-aloe-fresh\/","title":{"rendered":"Niisked salvr\u00e4tikud v\u00e4rskendavad Aloe Fresh"},"content":{"rendered":"<p>Kiire ja t\u00f5hus v\u00e4rskendus iga olukorras. Efektiivselt puhastavad mustuse k\u00e4te, n\u00e4o ja keha pinnalt, j\u00e4ttes nahale v\u00e4rske ja niisutatud tunde. Hoolikalt valitud koostisosad tagavad \u00f5rna, kuid t\u00f5husa puhastuse. Ideaalne reisimiseks, jalutusk\u00e4ikudeks v\u00f5i igap\u00e4evaseks kaasaskandmiseks.<\/p>\n","protected":false},"excerpt":{"rendered":"<p>Kiire ja t\u00f5hus v\u00e4rskendus iga olukorras. Efektiivselt puhastavad mustuse k\u00e4te, n\u00e4o ja keha pinnalt, j\u00e4ttes nahale v\u00e4rske ja niisutatud tunde. Hoolikalt valitud koostisosad tagavad \u00f5rna, kuid t\u00f5husa puhastuse. Ideaalne reisimiseks, jalutusk\u00e4ikudeks v\u00f5i igap\u00e4evaseks kaasaskandmiseks.<\/p>\n","protected":false},"featured_media":13562,"comment_status":"closed","ping_status":"open","template":"","meta":{"_acf_changed":false},"product_brand":[618],"product_cat":[512,423],"product_tag":[],"class_list":{"0":"post-13561","1":"product","2":"type-product","3":"status-publish","4":"has-post-thumbnail","6":"product_brand-luba","7":"product_cat-majapidamistarbed","8":"product_cat-pabertooted","9":"pa_kogus-15-tk","10":"pa_paritolumaa-poola","11":"pa_uhik-tk","13":"first","14":"instock","15":"purchasable","16":"product-type-simple"},"acf":[],"_links":{"self":[{"href":"https:\/\/ursus.ee\/en\/wp-json\/wp\/v2\/product\/13561","targetHints":{"allow":["GET"]}}],"collection":[{"href":"https:\/\/ursus.ee\/en\/wp-json\/wp\/v2\/product"}],"about":[{"href":"https:\/\/ursus.ee\/en\/wp-json\/wp\/v2\/types\/product"}],"replies":[{"embeddable":true,"href":"https:\/\/ursus.ee\/en\/wp-json\/wp\/v2\/comments?post=13561"}],"wp:featuredmedia":[{"embeddable":true,"href":"https:\/\/ursus.ee\/en\/wp-json\/wp\/v2\/media\/13562"}],"wp:attachment":[{"href":"https:\/\/ursus.ee\/en\/wp-json\/wp\/v2\/media?parent=13561"}],"wp:term":[{"taxonomy":"product_brand","embeddable":true,"href":"https:\/\/ursus.ee\/en\/wp-json\/wp\/v2\/product_brand?post=13561"},{"taxonomy":"product_cat","embeddable":true,"href":"https:\/\/ursus.ee\/en\/wp-json\/wp\/v2\/product_cat?post=13561"},{"taxonomy":"product_tag","embeddable":true,"href":"https:\/\/ursus.ee\/en\/wp-json\/wp\/v2\/product_tag?post=13561"}],"curies":[{"name":"wp","href":"https:\/\/api.w.org\/{rel}","templated":true}]}}