{"id":13550,"date":"2025-12-16T19:19:57","date_gmt":"2025-12-16T17:19:57","guid":{"rendered":"https:\/\/ursus.ee\/toode\/niisked-beebisalvratid-97-vesi-aloe\/"},"modified":"2026-03-27T16:26:55","modified_gmt":"2026-03-27T14:26:55","slug":"niisked-beebisalvratid-97-vesi-aloe","status":"publish","type":"product","link":"https:\/\/ursus.ee\/en\/toode\/niisked-beebisalvratid-97-vesi-aloe\/","title":{"rendered":"Niisked beebisalvr\u00e4tid 97% vesi, aloe"},"content":{"rendered":"<p>Tuli erakordselt pehmed niisked salvr\u00e4tikud beebidele. Salvr\u00e4tikutel on l\u00fchike koostisosade loetelu, mis koosneb 97% filtreeritud veest ja aaloest. Salvr\u00e4tikud puhastavad ja v\u00e4rskendavad teie lapse nahka alates esimesest elukuust. Dermatoloogiliselt testitud. PH neutraalne, et mitte kahjustada naha loomulikku kaitsebarj\u00e4\u00e4ri. Valmistatud armastusega, et rahuldada laste ja emade vajadusi.<\/p>\n","protected":false},"excerpt":{"rendered":"<p>Tuli erakordselt pehmed niisked salvr\u00e4tikud beebidele. Salvr\u00e4tikutel on l\u00fchike koostisosade loetelu, mis koosneb 97% filtreeritud veest ja aaloest. Salvr\u00e4tikud puhastavad ja v\u00e4rskendavad teie lapse nahka alates esimesest elukuust. Dermatoloogiliselt testitud. PH neutraalne, et mitte kahjustada naha loomulikku kaitsebarj\u00e4\u00e4ri. Valmistatud armastusega, et rahuldada laste ja emade vajadusi.<\/p>\n","protected":false},"featured_media":13551,"comment_status":"closed","ping_status":"open","template":"","meta":{"_acf_changed":false},"product_brand":[618],"product_cat":[244,518],"product_tag":[],"class_list":{"0":"post-13550","1":"product","2":"type-product","3":"status-publish","4":"has-post-thumbnail","6":"product_brand-luba","7":"product_cat-kehahooldus","8":"product_cat-tervisetooted","9":"pa_kogus-60-tk","10":"pa_koostis-filtreeritud-vesi-aaloe","11":"pa_paritolumaa-poola","12":"pa_uhik-tk","14":"first","15":"instock","16":"purchasable","17":"product-type-simple"},"acf":[],"_links":{"self":[{"href":"https:\/\/ursus.ee\/en\/wp-json\/wp\/v2\/product\/13550","targetHints":{"allow":["GET"]}}],"collection":[{"href":"https:\/\/ursus.ee\/en\/wp-json\/wp\/v2\/product"}],"about":[{"href":"https:\/\/ursus.ee\/en\/wp-json\/wp\/v2\/types\/product"}],"replies":[{"embeddable":true,"href":"https:\/\/ursus.ee\/en\/wp-json\/wp\/v2\/comments?post=13550"}],"wp:featuredmedia":[{"embeddable":true,"href":"https:\/\/ursus.ee\/en\/wp-json\/wp\/v2\/media\/13551"}],"wp:attachment":[{"href":"https:\/\/ursus.ee\/en\/wp-json\/wp\/v2\/media?parent=13550"}],"wp:term":[{"taxonomy":"product_brand","embeddable":true,"href":"https:\/\/ursus.ee\/en\/wp-json\/wp\/v2\/product_brand?post=13550"},{"taxonomy":"product_cat","embeddable":true,"href":"https:\/\/ursus.ee\/en\/wp-json\/wp\/v2\/product_cat?post=13550"},{"taxonomy":"product_tag","embeddable":true,"href":"https:\/\/ursus.ee\/en\/wp-json\/wp\/v2\/product_tag?post=13550"}],"curies":[{"name":"wp","href":"https:\/\/api.w.org\/{rel}","templated":true}]}}