{"id":13548,"date":"2025-12-16T19:19:57","date_gmt":"2025-12-16T17:19:57","guid":{"rendered":"https:\/\/ursus.ee\/toode\/kassiliiv-silikageelist\/"},"modified":"2026-03-27T16:18:00","modified_gmt":"2026-03-27T14:18:00","slug":"kassiliiv-silikageelist","status":"publish","type":"product","link":"https:\/\/ursus.ee\/en\/toode\/kassiliiv-silikageelist\/","title":{"rendered":"Kassiliiv silikageelist"},"content":{"rendered":"<p>Imab vedelikke ja lukustab l\u00f5hnad koheselt. Kristalne koostis ei kleepu kassi k\u00e4ppade ega karvade k\u00fclge. Kassiliiv on kaalult kerge ja ei tolma. Kuni 30 p\u00e4eva v\u00e4rskust (\u00fche kassi puhul). Tolmuvaba. Neutraliseerib l\u00f5hnad. H\u00e4stiimav. Ohutu koostis.<\/p>\n","protected":false},"excerpt":{"rendered":"<p>Imab vedelikke ja lukustab l\u00f5hnad koheselt. Kristalne koostis ei kleepu kassi k\u00e4ppade ega karvade k\u00fclge. Kassiliiv on kaalult kerge ja ei tolma. Kuni 30 p\u00e4eva v\u00e4rskust (\u00fche kassi puhul). Tolmuvaba. Neutraliseerib l\u00f5hnad. H\u00e4stiimav. Ohutu koostis.<\/p>\n","protected":false},"featured_media":13549,"comment_status":"closed","ping_status":"closed","template":"","meta":{"_acf_changed":false},"product_brand":[614],"product_cat":[512,616],"product_tag":[],"class_list":{"0":"post-13548","1":"product","2":"type-product","3":"status-publish","4":"has-post-thumbnail","6":"product_brand-casatrend","7":"product_cat-majapidamistarbed","8":"product_cat-kassiliiv","9":"pa_kogus-38-l","10":"pa_paritolumaa-hiina","11":"pa_uhik-l","13":"first","14":"instock","15":"purchasable","16":"product-type-simple"},"acf":[],"_links":{"self":[{"href":"https:\/\/ursus.ee\/en\/wp-json\/wp\/v2\/product\/13548","targetHints":{"allow":["GET"]}}],"collection":[{"href":"https:\/\/ursus.ee\/en\/wp-json\/wp\/v2\/product"}],"about":[{"href":"https:\/\/ursus.ee\/en\/wp-json\/wp\/v2\/types\/product"}],"replies":[{"embeddable":true,"href":"https:\/\/ursus.ee\/en\/wp-json\/wp\/v2\/comments?post=13548"}],"wp:featuredmedia":[{"embeddable":true,"href":"https:\/\/ursus.ee\/en\/wp-json\/wp\/v2\/media\/13549"}],"wp:attachment":[{"href":"https:\/\/ursus.ee\/en\/wp-json\/wp\/v2\/media?parent=13548"}],"wp:term":[{"taxonomy":"product_brand","embeddable":true,"href":"https:\/\/ursus.ee\/en\/wp-json\/wp\/v2\/product_brand?post=13548"},{"taxonomy":"product_cat","embeddable":true,"href":"https:\/\/ursus.ee\/en\/wp-json\/wp\/v2\/product_cat?post=13548"},{"taxonomy":"product_tag","embeddable":true,"href":"https:\/\/ursus.ee\/en\/wp-json\/wp\/v2\/product_tag?post=13548"}],"curies":[{"name":"wp","href":"https:\/\/api.w.org\/{rel}","templated":true}]}}